{"id":2399,"date":"2023-05-23T08:50:50","date_gmt":"2023-05-23T08:50:50","guid":{"rendered":"https:\/\/relaxinc.ch\/produits-new\/"},"modified":"2024-10-15T17:38:01","modified_gmt":"2024-10-15T17:38:01","slug":"produits","status":"publish","type":"page","link":"https:\/\/relaxinc.ch\/fr\/produits\/","title":{"rendered":"Produits"},"content":{"rendered":"<p><div class=\"fusion-fullwidth fullwidth-box fusion-builder-row-1 hundred-percent-fullwidth non-hundred-percent-height-scrolling\" style=\"--awb-background-position:left top;--awb-border-sizes-top:0px;--awb-border-sizes-bottom:0px;--awb-border-sizes-left:0px;--awb-border-sizes-right:0px;--awb-border-radius-top-left:0px;--awb-border-radius-top-right:0px;--awb-border-radius-bottom-right:0px;--awb-border-radius-bottom-left:0px;--awb-padding-top:0px;--awb-padding-right:0px;--awb-padding-bottom:0px;--awb-padding-left:0px;--awb-flex-wrap:wrap;\" ><div class=\"fusion-builder-row fusion-row\"><div class=\"fusion-layout-column fusion_builder_column fusion-builder-column-0 fusion_builder_column_1_1 1_1 fusion-one-full fusion-column-first fusion-column-last fusion-column-no-min-height\" style=\"--awb-bg-size:cover;--awb-margin-bottom:0px;\" data-scroll-devices=\"small-visibility,medium-visibility,large-visibility\"><div class=\"fusion-column-wrapper fusion-column-has-shadow fusion-flex-column-wrapper-legacy\"><style type=\"text\/css\">.fusion-portfolio-wrapper#fusion-portfolio-1 .fusion-portfolio-content{ padding: 25px 25px 25px 25px; text-align: left; }<\/style><div class=\"fusion-recent-works fusion-portfolio-element fusion-portfolio fusion-portfolio-1 fusion-portfolio-grid fusion-portfolio-paging-pagination fusion-portfolio-five fusion-portfolio-boxed fusion-portfolio-text fusion-portfolio-equal-heights fusion-portfolio-rollover fusion-animated\" data-id=\"-rw-1\" data-columns=\"five\" data-animationType=\"fadeInDown\" data-animationDuration=\"0.8\" data-animationOffset=\"top-into-view\"><style type=\"text\/css\">.fusion-portfolio-1 .fusion-portfolio-wrapper .fusion-col-spacing{padding:0px;}<\/style><div class=\"fusion-portfolio-wrapper\" id=\"fusion-portfolio-1\" data-picturesize=\"auto\" data-pages=\"1\" style=\"margin:-0px;\"><article id=\"portfolio-1-post-2357\" class=\"fusion-portfolio-post produits fusion-col-spacing post-2357\"><div class=\"fusion-portfolio-content-wrapper\" style=\"border:1px solid #f2f3f5;border-bottom-width:3px;background-color:rgba(255,255,255,0);\"><span class=\"vcard rich-snippet-hidden\"><span class=\"fn\"><a href=\"https:\/\/relaxinc.ch\/fr\/author\/marie\/\" title=\"Articles par Marie Buaz\" rel=\"author\">Marie Buaz<\/a><\/span><\/span><span class=\"updated rich-snippet-hidden\">2026-03-24T10:12:57+00:00<\/span><div  class=\"fusion-image-wrapper\" aria-haspopup=\"true\">\n\t\t\t\t<img decoding=\"async\" width=\"720\" height=\"780\" src=\"https:\/\/relaxinc.ch\/wp-content\/uploads\/2023\/05\/10-1.png\" class=\"attachment-full size-full wp-post-image\" alt=\"\" srcset=\"https:\/\/relaxinc.ch\/wp-content\/uploads\/2023\/05\/10-1-200x217.png 200w, https:\/\/relaxinc.ch\/wp-content\/uploads\/2023\/05\/10-1-400x433.png 400w, https:\/\/relaxinc.ch\/wp-content\/uploads\/2023\/05\/10-1-600x650.png 600w, https:\/\/relaxinc.ch\/wp-content\/uploads\/2023\/05\/10-1.png 720w\" sizes=\"(min-width: 2200px) 100vw, (min-width: 928px) 256px, (min-width: 856px) 320px, (min-width: 784px) 427px, (min-width: 712px) 640px, (min-width: 640px) 712px, \" \/><div class=\"fusion-rollover\">\n\t<div class=\"fusion-rollover-content\">\n\n\t\t\t\t\n\t\t\n\t\t\t\t\t\t\t\t\t\t\t\t<h4 class=\"fusion-rollover-title\">\n\t\t\t\t\t<a class=\"fusion-rollover-title-link\" href=\"https:\/\/relaxinc.ch\/fr\/portfolio\/fauteuil-allaitement-pachamama\/\">\n\t\t\t\t\t\tFauteuil d&rsquo;allaitement : Pachamama\t\t\t\t\t<\/a>\n\t\t\t\t<\/h4>\n\t\t\t\n\t\t\t\t\t\t\t\t\n\t\t\n\t\t\t\t\t\t<a class=\"fusion-link-wrapper\" href=\"https:\/\/relaxinc.ch\/fr\/portfolio\/fauteuil-allaitement-pachamama\/\" aria-label=\"Fauteuil d&rsquo;allaitement : Pachamama\"><\/a>\n\t<\/div>\n<\/div>\n<\/div>\n<div class=\"fusion-portfolio-content\" style=\"background-color:rgba(255,255,255,0);\"><h2 class=\"entry-title fusion-post-title\"><a href=\"https:\/\/relaxinc.ch\/fr\/portfolio\/fauteuil-allaitement-pachamama\/\">Fauteuil d&rsquo;allaitement : Pachamama<\/a><\/h2><div class=\"fusion-content-sep sep-none\" style=\"border-color:#e2e2e2;\"><\/div><div class=\"fusion-post-content\"><p>Fauteuil d\u2019allaitement : Pachamama, adapt\u00e9s aux besoins de vos collaboratrices qui souhaitent allaiter en travaillant, un espace pour le bien-\u00eatre au travail.<\/p><\/div><\/div><\/div><\/article><article id=\"portfolio-1-post-2136\" class=\"fusion-portfolio-post produits fusion-col-spacing post-2136\"><div class=\"fusion-portfolio-content-wrapper\" style=\"border:1px solid #f2f3f5;border-bottom-width:3px;background-color:rgba(255,255,255,0);\"><span class=\"vcard rich-snippet-hidden\"><span class=\"fn\"><a href=\"https:\/\/relaxinc.ch\/fr\/author\/marie\/\" title=\"Articles par Marie Buaz\" rel=\"author\">Marie Buaz<\/a><\/span><\/span><span class=\"updated rich-snippet-hidden\">2026-03-24T10:33:37+00:00<\/span><div  class=\"fusion-image-wrapper\" aria-haspopup=\"true\">\n\t\t\t\t<img decoding=\"async\" width=\"720\" height=\"780\" src=\"https:\/\/relaxinc.ch\/wp-content\/uploads\/2023\/05\/Design-sans-titre-1-1.png\" class=\"attachment-full size-full wp-post-image\" alt=\"\" srcset=\"https:\/\/relaxinc.ch\/wp-content\/uploads\/2023\/05\/Design-sans-titre-1-1-200x217.png 200w, https:\/\/relaxinc.ch\/wp-content\/uploads\/2023\/05\/Design-sans-titre-1-1-400x433.png 400w, https:\/\/relaxinc.ch\/wp-content\/uploads\/2023\/05\/Design-sans-titre-1-1-600x650.png 600w, https:\/\/relaxinc.ch\/wp-content\/uploads\/2023\/05\/Design-sans-titre-1-1.png 720w\" sizes=\"(min-width: 2200px) 100vw, (min-width: 928px) 256px, (min-width: 856px) 320px, (min-width: 784px) 427px, (min-width: 712px) 640px, (min-width: 640px) 712px, \" \/><div class=\"fusion-rollover\">\n\t<div class=\"fusion-rollover-content\">\n\n\t\t\t\t\n\t\t\n\t\t\t\t\t\t\t\t\t\t\t\t<h4 class=\"fusion-rollover-title\">\n\t\t\t\t\t<a class=\"fusion-rollover-title-link\" href=\"https:\/\/relaxinc.ch\/fr\/portfolio\/le-pedalier-eveia\/\">\n\t\t\t\t\t\tLe p\u00e9dalier EVEIA\t\t\t\t\t<\/a>\n\t\t\t\t<\/h4>\n\t\t\t\n\t\t\t\t\t\t\t\t\n\t\t\n\t\t\t\t\t\t<a class=\"fusion-link-wrapper\" href=\"https:\/\/relaxinc.ch\/fr\/portfolio\/le-pedalier-eveia\/\" aria-label=\"Le p\u00e9dalier EVEIA\"><\/a>\n\t<\/div>\n<\/div>\n<\/div>\n<div class=\"fusion-portfolio-content\" style=\"background-color:rgba(255,255,255,0);\"><h2 class=\"entry-title fusion-post-title\"><a href=\"https:\/\/relaxinc.ch\/fr\/portfolio\/le-pedalier-eveia\/\">Le p\u00e9dalier EVEIA<\/a><\/h2><div class=\"fusion-content-sep sep-none\" style=\"border-color:#e2e2e2;\"><\/div><div class=\"fusion-post-content\"><p>Avec le p\u00e9dalier Eveia, l\u2019activit\u00e9 physique devient un automatisme, sans effort conscient ni contrainte. Vos collaborateurs p\u00e9dalent naturellement tout en travaillant.<\/p><\/div><\/div><\/div><\/article><article id=\"portfolio-1-post-2912\" class=\"fusion-portfolio-post produits fusion-col-spacing post-2912\"><div class=\"fusion-portfolio-content-wrapper\" style=\"border:1px solid #f2f3f5;border-bottom-width:3px;background-color:rgba(255,255,255,0);\"><span class=\"vcard rich-snippet-hidden\"><span class=\"fn\"><a href=\"https:\/\/relaxinc.ch\/fr\/author\/marie\/\" title=\"Articles par Marie Buaz\" rel=\"author\">Marie Buaz<\/a><\/span><\/span><span class=\"updated rich-snippet-hidden\">2026-03-24T10:45:44+00:00<\/span><div  class=\"fusion-image-wrapper\" aria-haspopup=\"true\">\n\t\t\t\t<img decoding=\"async\" width=\"720\" height=\"780\" src=\"https:\/\/relaxinc.ch\/wp-content\/uploads\/2023\/11\/Design-sans-titre-1-copie.png\" class=\"attachment-full size-full wp-post-image\" alt=\"\" srcset=\"https:\/\/relaxinc.ch\/wp-content\/uploads\/2023\/11\/Design-sans-titre-1-copie-200x217.png 200w, https:\/\/relaxinc.ch\/wp-content\/uploads\/2023\/11\/Design-sans-titre-1-copie-400x433.png 400w, https:\/\/relaxinc.ch\/wp-content\/uploads\/2023\/11\/Design-sans-titre-1-copie-600x650.png 600w, https:\/\/relaxinc.ch\/wp-content\/uploads\/2023\/11\/Design-sans-titre-1-copie.png 720w\" sizes=\"(min-width: 2200px) 100vw, (min-width: 928px) 256px, (min-width: 856px) 320px, (min-width: 784px) 427px, (min-width: 712px) 640px, (min-width: 640px) 712px, \" \/><div class=\"fusion-rollover\">\n\t<div class=\"fusion-rollover-content\">\n\n\t\t\t\t\n\t\t\n\t\t\t\t\t\t\t\t\t\t\t\t<h4 class=\"fusion-rollover-title\">\n\t\t\t\t\t<a class=\"fusion-rollover-title-link\" href=\"https:\/\/relaxinc.ch\/fr\/portfolio\/salle-de-recuperation-en-entreprise\/\">\n\t\t\t\t\t\tSalle de r\u00e9cup\u00e9ration en entreprise\t\t\t\t\t<\/a>\n\t\t\t\t<\/h4>\n\t\t\t\n\t\t\t\t\t\t\t\t\n\t\t\n\t\t\t\t\t\t<a class=\"fusion-link-wrapper\" href=\"https:\/\/relaxinc.ch\/fr\/portfolio\/salle-de-recuperation-en-entreprise\/\" aria-label=\"Salle de r\u00e9cup\u00e9ration en entreprise\"><\/a>\n\t<\/div>\n<\/div>\n<\/div>\n<div class=\"fusion-portfolio-content\" style=\"background-color:rgba(255,255,255,0);\"><h2 class=\"entry-title fusion-post-title\"><a href=\"https:\/\/relaxinc.ch\/fr\/portfolio\/salle-de-recuperation-en-entreprise\/\">Salle de r\u00e9cup\u00e9ration en entreprise<\/a><\/h2><div class=\"fusion-content-sep sep-none\" style=\"border-color:#e2e2e2;\"><\/div><div class=\"fusion-post-content\"><p>Transformez votre environnement de travail avec une salle de repos en entreprise. Offrez \u00e0 vos \u00e9quipes un espace d\u00e9di\u00e9 au bien-\u00eatre et \u00e0 la r\u00e9cup\u00e9ration.<\/p><\/div><\/div><\/div><\/article><article id=\"portfolio-1-post-2141\" class=\"fusion-portfolio-post produits fusion-col-spacing post-2141\"><div class=\"fusion-portfolio-content-wrapper\" style=\"border:1px solid #f2f3f5;border-bottom-width:3px;background-color:rgba(255,255,255,0);\"><span class=\"vcard rich-snippet-hidden\"><span class=\"fn\"><a href=\"https:\/\/relaxinc.ch\/fr\/author\/marie\/\" title=\"Articles par Marie Buaz\" rel=\"author\">Marie Buaz<\/a><\/span><\/span><span class=\"updated rich-snippet-hidden\">2026-03-24T10:48:00+00:00<\/span><div  class=\"fusion-image-wrapper\" aria-haspopup=\"true\">\n\t\t\t\t<img decoding=\"async\" width=\"720\" height=\"780\" src=\"https:\/\/relaxinc.ch\/wp-content\/uploads\/2023\/03\/Design-sans-titre-1.png\" class=\"attachment-full size-full wp-post-image\" alt=\"\" srcset=\"https:\/\/relaxinc.ch\/wp-content\/uploads\/2023\/03\/Design-sans-titre-1-200x217.png 200w, https:\/\/relaxinc.ch\/wp-content\/uploads\/2023\/03\/Design-sans-titre-1-400x433.png 400w, https:\/\/relaxinc.ch\/wp-content\/uploads\/2023\/03\/Design-sans-titre-1-600x650.png 600w, https:\/\/relaxinc.ch\/wp-content\/uploads\/2023\/03\/Design-sans-titre-1.png 720w\" sizes=\"(min-width: 2200px) 100vw, (min-width: 928px) 256px, (min-width: 856px) 320px, (min-width: 784px) 427px, (min-width: 712px) 640px, (min-width: 640px) 712px, \" \/><div class=\"fusion-rollover\">\n\t<div class=\"fusion-rollover-content\">\n\n\t\t\t\t\n\t\t\n\t\t\t\t\t\t\t\t\t\t\t\t<h4 class=\"fusion-rollover-title\">\n\t\t\t\t\t<a class=\"fusion-rollover-title-link\" href=\"https:\/\/relaxinc.ch\/fr\/portfolio\/napup-fauteuil-de-sieste\/\">\n\t\t\t\t\t\tNap&#038;Up : fauteuil de sieste\t\t\t\t\t<\/a>\n\t\t\t\t<\/h4>\n\t\t\t\n\t\t\t\t\t\t\t\t\n\t\t\n\t\t\t\t\t\t<a class=\"fusion-link-wrapper\" href=\"https:\/\/relaxinc.ch\/fr\/portfolio\/napup-fauteuil-de-sieste\/\" aria-label=\"Nap&#038;Up : fauteuil de sieste\"><\/a>\n\t<\/div>\n<\/div>\n<\/div>\n<div class=\"fusion-portfolio-content\" style=\"background-color:rgba(255,255,255,0);\"><h2 class=\"entry-title fusion-post-title\"><a href=\"https:\/\/relaxinc.ch\/fr\/portfolio\/napup-fauteuil-de-sieste\/\">Nap&#038;Up : fauteuil de sieste<\/a><\/h2><div class=\"fusion-content-sep sep-none\" style=\"border-color:#e2e2e2;\"><\/div><div class=\"fusion-post-content\"><p>Favorisez le bien-\u00eatre au travail avec Nap&amp;Up : le fauteuil de sieste. Offrez \u00e0 vos \u00e9quipes un espace d\u00e9di\u00e9  \u00e0 la r\u00e9cup\u00e9ration. <\/p><\/div><\/div><\/div><\/article><article id=\"portfolio-1-post-2132\" class=\"fusion-portfolio-post produits fusion-col-spacing post-2132\"><div class=\"fusion-portfolio-content-wrapper\" style=\"border:1px solid #f2f3f5;border-bottom-width:3px;background-color:rgba(255,255,255,0);\"><span class=\"vcard rich-snippet-hidden\"><span class=\"fn\"><a href=\"https:\/\/relaxinc.ch\/fr\/author\/relaxinc2020\/\" title=\"Articles par Relaxinc\" rel=\"author\">Relaxinc<\/a><\/span><\/span><span class=\"updated rich-snippet-hidden\">2026-03-24T16:03:44+00:00<\/span><div  class=\"fusion-image-wrapper\" aria-haspopup=\"true\">\n\t\t\t\t<img decoding=\"async\" width=\"720\" height=\"780\" src=\"https:\/\/relaxinc.ch\/wp-content\/uploads\/2023\/05\/9-1.png\" class=\"attachment-full size-full wp-post-image\" alt=\"\" srcset=\"https:\/\/relaxinc.ch\/wp-content\/uploads\/2023\/05\/9-1-200x217.png 200w, https:\/\/relaxinc.ch\/wp-content\/uploads\/2023\/05\/9-1-400x433.png 400w, https:\/\/relaxinc.ch\/wp-content\/uploads\/2023\/05\/9-1-600x650.png 600w, https:\/\/relaxinc.ch\/wp-content\/uploads\/2023\/05\/9-1.png 720w\" sizes=\"(min-width: 2200px) 100vw, (min-width: 928px) 256px, (min-width: 856px) 320px, (min-width: 784px) 427px, (min-width: 712px) 640px, (min-width: 640px) 712px, \" \/><div class=\"fusion-rollover\">\n\t<div class=\"fusion-rollover-content\">\n\n\t\t\t\t\n\t\t\n\t\t\t\t\t\t\t\t\t\t\t\t<h4 class=\"fusion-rollover-title\">\n\t\t\t\t\t<a class=\"fusion-rollover-title-link\" href=\"https:\/\/relaxinc.ch\/fr\/portfolio\/energypod-fauteuil-de-recuperation\/\">\n\t\t\t\t\t\tEnergyPod : fauteuil de r\u00e9cup\u00e9ration\t\t\t\t\t<\/a>\n\t\t\t\t<\/h4>\n\t\t\t\n\t\t\t\t\t\t\t\t\n\t\t\n\t\t\t\t\t\t<a class=\"fusion-link-wrapper\" href=\"https:\/\/relaxinc.ch\/fr\/portfolio\/energypod-fauteuil-de-recuperation\/\" aria-label=\"EnergyPod : fauteuil de r\u00e9cup\u00e9ration\"><\/a>\n\t<\/div>\n<\/div>\n<\/div>\n<div class=\"fusion-portfolio-content\" style=\"background-color:rgba(255,255,255,0);\"><h2 class=\"entry-title fusion-post-title\"><a href=\"https:\/\/relaxinc.ch\/fr\/portfolio\/energypod-fauteuil-de-recuperation\/\">EnergyPod : fauteuil de r\u00e9cup\u00e9ration<\/a><\/h2><div class=\"fusion-content-sep sep-none\" style=\"border-color:#e2e2e2;\"><\/div><div class=\"fusion-post-content\"><p>EnergyPod : fauteuil de r\u00e9cup\u00e9ration au design intemporel qui recharge vos batteries en seulement 20 minutes gr\u00e2ce \u00e0 sa technologie innovante.<\/p><\/div><\/div><\/div><\/article><\/div><\/div><div class=\"fusion-text fusion-text-1\"><h1><span style=\"color: #ffffff;\">Produits<\/span><\/h1>\n<\/div><div class=\"fusion-clearfix\"><\/div><\/div><\/div><\/div><\/div><div class=\"fusion-fullwidth fullwidth-box fusion-builder-row-2 nonhundred-percent-fullwidth non-hundred-percent-height-scrolling\" style=\"--awb-border-radius-top-left:0px;--awb-border-radius-top-right:0px;--awb-border-radius-bottom-right:0px;--awb-border-radius-bottom-left:0px;--awb-padding-top:50px;--awb-padding-bottom:50px;--awb-background-color:#7bad03;--awb-flex-wrap:wrap;\" ><div class=\"fusion-builder-row fusion-row\"><div class=\"fusion-layout-column fusion_builder_column fusion-builder-column-1 fusion_builder_column_1_5 1_5 fusion-one-fifth fusion-column-first\" style=\"--awb-bg-size:cover;width:20%;width:calc(20% - ( ( 4% + 4% ) * 0.2 ) );margin-right: 4%;\"><div class=\"fusion-column-wrapper fusion-column-has-shadow fusion-flex-column-wrapper-legacy\"><div class=\"fusion-clearfix\"><\/div><\/div><\/div><div class=\"fusion-layout-column fusion_builder_column fusion-builder-column-2 fusion_builder_column_3_5 3_5 fusion-three-fifth\" style=\"--awb-bg-size:cover;width:60%;width:calc(60% - ( ( 4% + 4% ) * 0.6 ) );margin-right: 4%;\"><div class=\"fusion-column-wrapper fusion-column-has-shadow fusion-flex-column-wrapper-legacy\"><div class=\"fusion-text fusion-text-2\"><h3 style=\"text-align: center;\"><span style=\"color: #ffffff;\">Contactez-nous pour plus de d\u00e9tails<\/span><\/h3>\n<\/div>\n<div class=\"wpcf7 no-js\" id=\"wpcf7-f1585-o1\" lang=\"en-US\" dir=\"ltr\" data-wpcf7-id=\"1585\">\n<div class=\"screen-reader-response\"><p role=\"status\" aria-live=\"polite\" aria-atomic=\"true\"><\/p> <ul><\/ul><\/div>\n<form action=\"\/fr\/wp-json\/wp\/v2\/pages\/2399#wpcf7-f1585-o1\" method=\"post\" class=\"wpcf7-form init\" aria-label=\"Contact form\" novalidate=\"novalidate\" data-status=\"init\">\n<div style=\"display: none;\">\n<input type=\"hidden\" name=\"_wpcf7\" value=\"1585\" \/>\n<input type=\"hidden\" name=\"_wpcf7_version\" value=\"6.0.1\" \/>\n<input type=\"hidden\" name=\"_wpcf7_locale\" value=\"en_US\" \/>\n<input type=\"hidden\" name=\"_wpcf7_unit_tag\" value=\"wpcf7-f1585-o1\" \/>\n<input type=\"hidden\" name=\"_wpcf7_container_post\" value=\"0\" \/>\n<input type=\"hidden\" name=\"_wpcf7_posted_data_hash\" value=\"\" \/>\n<\/div>\n<div class=\"one-half\">\n\t<p><label>Name(*)<br \/>\n<span class=\"wpcf7-form-control-wrap\" data-name=\"your-name\"><input size=\"40\" maxlength=\"400\" class=\"wpcf7-form-control wpcf7-text wpcf7-validates-as-required\" aria-required=\"true\" aria-invalid=\"false\" value=\"\" type=\"text\" name=\"your-name\" \/><\/span> <\/label>\n\t<\/p>\n<\/div>\n<div class=\"one-half last\">\n\t<p><label>Phone<br \/>\n<span class=\"wpcf7-form-control-wrap\" data-name=\"Phone\"><input size=\"40\" maxlength=\"400\" class=\"wpcf7-form-control wpcf7-tel wpcf7-text wpcf7-validates-as-tel\" aria-invalid=\"false\" value=\"\" type=\"tel\" name=\"Phone\" \/><\/span> <\/label>\n\t<\/p>\n<\/div>\n<div class=\"one-half\">\n\t<p><label>Email(*)<br \/>\n<span class=\"wpcf7-form-control-wrap\" data-name=\"your-email\"><input size=\"40\" maxlength=\"400\" class=\"wpcf7-form-control wpcf7-email wpcf7-validates-as-required wpcf7-text wpcf7-validates-as-email\" aria-required=\"true\" aria-invalid=\"false\" value=\"\" type=\"email\" name=\"your-email\" \/><\/span> <\/label>\n\t<\/p>\n<\/div>\n<div class=\"one-half last\">\n\t<p><label>Company<br \/>\n<span class=\"wpcf7-form-control-wrap\" data-name=\"your-subject\"><input size=\"40\" maxlength=\"400\" class=\"wpcf7-form-control wpcf7-text\" aria-invalid=\"false\" value=\"\" type=\"text\" name=\"your-subject\" \/><\/span> <\/label>\n\t<\/p>\n<\/div>\n<div class=\"one-full\">\n\t<p><label>Message<br \/>\n<span class=\"wpcf7-form-control-wrap\" data-name=\"your-message\"><textarea cols=\"40\" rows=\"10\" maxlength=\"2000\" class=\"wpcf7-form-control wpcf7-textarea\" aria-invalid=\"false\" name=\"your-message\"><\/textarea><\/span> <\/label>\n\t<\/p>\n<\/div>\n<p><div class=\"cf7-cf-turnstile\" style=\"margin-top: 0px; margin-bottom: -15px;\"> <div id=\"cf-turnstile-cf7-2833451110\" class=\"cf-turnstile\" data-sitekey=\"0x4AAAAAAAwk295lIoqj1dHw\" data-theme=\"light\" data-language=\"auto\" data-size=\"\" data-retry=\"auto\" data-retry-interval=\"1000\" data-action=\"contact-form-7\" data-appearance=\"interaction-only\"><\/div> <script>document.addEventListener(\"DOMContentLoaded\",(function(){var e=document.getElementById(\"cf-turnstile-cf7-2833451110\");e&&!e.innerHTML.trim()&&(turnstile.remove(\"#cf-turnstile-cf7-2833451110\"),turnstile.render(\"#cf-turnstile-cf7-2833451110\",{sitekey:\"0x4AAAAAAAwk295lIoqj1dHw\"}))}));<\/script> <style>#cf-turnstile-cf7-2833451110 iframe { margin-bottom: 15px; }<\/style> <style>#cf-turnstile-cf7-2833451110 { margin-left: -15px; }<\/style> <script>document.addEventListener(\"DOMContentLoaded\",function(){document.querySelectorAll('.wpcf7-form').forEach(function(e){e.addEventListener('submit',function(){if(document.getElementById('cf-turnstile-cf7-2833451110')){setTimeout(function(){turnstile.reset('#cf-turnstile-cf7-2833451110');},1000)}})})});<\/script> <\/div><br\/><input class=\"wpcf7-form-control wpcf7-submit has-spinner\" type=\"submit\" value=\"Send\" \/>\n<\/p><div class=\"fusion-alert alert custom alert-custom fusion-alert-center wpcf7-response-output awb-alert-native-link-color alert-dismissable awb-alert-close-boxed\" style=\"--awb-border-size:1px;--awb-border-top-left-radius:0px;--awb-border-top-right-radius:0px;--awb-border-bottom-left-radius:0px;--awb-border-bottom-right-radius:0px;\" role=\"alert\"><div class=\"fusion-alert-content-wrapper\"><span class=\"fusion-alert-content\"><\/span><\/div><button type=\"button\" class=\"close toggle-alert\" data-dismiss=\"alert\" aria-label=\"Close\">&times;<\/button><\/div>\n<\/form>\n<\/div>\n<div class=\"fusion-clearfix\"><\/div><\/div><\/div><div class=\"fusion-layout-column fusion_builder_column fusion-builder-column-3 fusion_builder_column_1_5 1_5 fusion-one-fifth fusion-column-last\" style=\"--awb-bg-size:cover;width:20%;width:calc(20% - ( ( 4% + 4% ) * 0.2 ) );\"><div class=\"fusion-column-wrapper fusion-column-has-shadow fusion-flex-column-wrapper-legacy\"><div class=\"fusion-clearfix\"><\/div><\/div><\/div><\/div><\/div><\/p>\n","protected":false},"excerpt":{"rendered":"","protected":false},"author":1,"featured_media":0,"parent":0,"menu_order":0,"comment_status":"closed","ping_status":"closed","template":"100-width.php","meta":{"_uf_show_specific_survey":0,"_uf_disable_surveys":false,"footnotes":""},"class_list":["post-2399","page","type-page","status-publish","hentry"],"aioseo_notices":[],"_links":{"self":[{"href":"https:\/\/relaxinc.ch\/fr\/wp-json\/wp\/v2\/pages\/2399","targetHints":{"allow":["GET"]}}],"collection":[{"href":"https:\/\/relaxinc.ch\/fr\/wp-json\/wp\/v2\/pages"}],"about":[{"href":"https:\/\/relaxinc.ch\/fr\/wp-json\/wp\/v2\/types\/page"}],"author":[{"embeddable":true,"href":"https:\/\/relaxinc.ch\/fr\/wp-json\/wp\/v2\/users\/1"}],"replies":[{"embeddable":true,"href":"https:\/\/relaxinc.ch\/fr\/wp-json\/wp\/v2\/comments?post=2399"}],"version-history":[{"count":12,"href":"https:\/\/relaxinc.ch\/fr\/wp-json\/wp\/v2\/pages\/2399\/revisions"}],"predecessor-version":[{"id":3678,"href":"https:\/\/relaxinc.ch\/fr\/wp-json\/wp\/v2\/pages\/2399\/revisions\/3678"}],"wp:attachment":[{"href":"https:\/\/relaxinc.ch\/fr\/wp-json\/wp\/v2\/media?parent=2399"}],"curies":[{"name":"wp","href":"https:\/\/api.w.org\/{rel}","templated":true}]}}