{"id":2635,"date":"2023-06-01T07:45:25","date_gmt":"2023-06-01T07:45:25","guid":{"rendered":"https:\/\/relaxinc.ch\/semaines-sante-2\/"},"modified":"2026-03-12T16:26:44","modified_gmt":"2026-03-12T16:26:44","slug":"semaines-sante-et-bien-etre","status":"publish","type":"page","link":"https:\/\/relaxinc.ch\/fr\/semaines-sante-et-bien-etre\/","title":{"rendered":"Semaines sant\u00e9 et bien-\u00eatre"},"content":{"rendered":"<p><div class=\"fusion-fullwidth fullwidth-box fusion-builder-row-1 hundred-percent-fullwidth non-hundred-percent-height-scrolling fusion-equal-height-columns\" style=\"--awb-background-position:left top;--awb-border-sizes-top:0px;--awb-border-sizes-bottom:0px;--awb-border-sizes-left:0px;--awb-border-sizes-right:0px;--awb-border-radius-top-left:0px;--awb-border-radius-top-right:0px;--awb-border-radius-bottom-right:0px;--awb-border-radius-bottom-left:0px;--awb-padding-top:0px;--awb-padding-right:0px;--awb-padding-bottom:0px;--awb-padding-left:0px;--awb-flex-wrap:wrap;\" ><div class=\"fusion-builder-row fusion-row\"><div class=\"fusion-layout-column fusion_builder_column fusion-builder-column-0 fusion_builder_column_1_2 1_2 fusion-one-half fusion-column-first\" style=\"--awb-padding-top:90px;--awb-padding-right:15%;--awb-padding-bottom:90px;--awb-padding-left:15%;--awb-bg-color:#7bad02;--awb-bg-color-hover:#7bad02;--awb-bg-size:cover;--awb-margin-bottom:0px;\"><div class=\"fusion-column-wrapper fusion-column-has-shadow fusion-flex-column-wrapper-legacy\"><div class=\"fusion-column-content-centered\"><div class=\"fusion-column-content\"><div class=\"fusion-text fusion-text-1\"><h1 class=\"entry-title fusion-responsive-typography-calculated\" data-fontsize=\"52\" data-lineheight=\"72.8px\"><span style=\"color: #ffffff;\">Semaines sant\u00e9 et bien-\u00eatre<\/span><\/h1>\n<\/div><div class=\"fusion-text fusion-text-2\"><p><span class=\"a_GcMg font-feature-liga-off font-feature-clig-off font-feature-calt-off text-decoration-none text-strikethrough-none\" style=\"color: #ffffff;\">Nos semaines bien-\u00eatre et sant\u00e9 offrent aux collaborateurs l\u2019occasion d\u2019explorer de nouvelles habitudes, de prendre soin d\u2019eux et de renforcer leur bien-\u00eatre au bureau. L\u2019objectif : sensibiliser et mieux faire <strong>comprendre les enjeux de sant\u00e9, ainsi que pour mobiliser les collaborateurs \u00e0 passer \u00e0 l\u2019action.<\/strong><\/span><\/p>\n<p class=\"cvGsUA direction-ltr align-start para-style-body\"><span class=\"a_GcMg font-feature-liga-off font-feature-clig-off font-feature-calt-off text-decoration-none text-strikethrough-none\" style=\"color: #ffffff;\">Une semaine bien-\u00eatre et sant\u00e9 n\u2019a pas besoin d\u2019un th\u00e8me unique : elle doit avant tout proposer un \u00e9quilibre.<\/span><\/p>\n<p class=\"cvGsUA direction-ltr align-start para-style-body\"><span style=\"color: #ffffff;\"><strong><span class=\"a_GcMg font-feature-liga-off font-feature-clig-off font-feature-calt-off text-decoration-none text-strikethrough-none\">Par exemple :<\/span><\/strong><\/span><\/p>\n<ul>\n<li><span style=\"color: #ffffff;\"><span class=\"a_GcMg font-feature-liga-off font-feature-clig-off font-feature-calt-off text-decoration-none text-strikethrough-none\">Le lundi matin<\/span> <span class=\"a_GcMg font-feature-liga-off font-feature-clig-off font-feature-calt-off text-decoration-none text-strikethrough-none\">: une activit\u00e9 douce et dynamisante (yoga, pilates, \u00e9tirements).<\/span><\/span><\/li>\n<li><span class=\"a_GcMg font-feature-liga-off font-feature-clig-off font-feature-calt-off text-decoration-none text-strikethrough-none\" style=\"color: #ffffff;\">Le mardi midi : une exp\u00e9rience conviviale (petit-d\u00e9jeuner \u00e9quilibr\u00e9, atelier nutrition, conf\u00e9rence interactive).<\/span><\/li>\n<li><span class=\"a_GcMg font-feature-liga-off font-feature-clig-off font-feature-calt-off text-decoration-none text-strikethrough-none\" style=\"color: #ffffff;\">Le jeudi : un moment de d\u00e9tente pour rel\u00e2cher la pression (massage assis, sophrologie, coh\u00e9rence cardiaque).<\/span><\/li>\n<\/ul>\n<p class=\"cvGsUA direction-ltr align-start para-style-body\"><span class=\"a_GcMg font-feature-liga-off font-feature-clig-off font-feature-calt-off text-decoration-none text-strikethrough-none\" style=\"color: #ffffff;\">Cette vari\u00e9t\u00e9 permet \u00e0 chacun de trouver <strong>une activit\u00e9 adapt\u00e9e \u00e0 son rythme et favorise une participation \u00e9lev\u00e9e<\/strong> tout au long de la semaine.<\/span><\/p>\n<\/div><\/div><\/div><div class=\"fusion-clearfix\"><\/div><\/div><\/div><div class=\"fusion-layout-column fusion_builder_column fusion-builder-column-1 fusion_builder_column_1_2 1_2 fusion-one-half fusion-column-last\" style=\"--awb-padding-top:90px;--awb-padding-right:15%;--awb-padding-bottom:90px;--awb-padding-left:15%;--awb-bg-position:center center;--awb-bg-size:cover;--awb-margin-bottom:0px;\"><div class=\"fusion-column-wrapper fusion-column-has-shadow fusion-flex-column-wrapper-legacy\"><div class=\"fusion-column-content-centered\"><div class=\"fusion-column-content\"><div class=\"fusion-image-element in-legacy-container\" style=\"--awb-caption-title-font-family:var(--h2_typography-font-family);--awb-caption-title-font-weight:var(--h2_typography-font-weight);--awb-caption-title-font-style:var(--h2_typography-font-style);--awb-caption-title-size:var(--h2_typography-font-size);--awb-caption-title-transform:var(--h2_typography-text-transform);--awb-caption-title-line-height:var(--h2_typography-line-height);--awb-caption-title-letter-spacing:var(--h2_typography-letter-spacing);\"><span class=\" fusion-imageframe imageframe-none imageframe-1 hover-type-none\"><img decoding=\"async\" width=\"1200\" height=\"985\" title=\"Capture d\u2019e\u0301cran 2023-04-25 a\u0300 10.19.10\" src=\"https:\/\/relaxinc.ch\/wp-content\/uploads\/2023\/04\/Capture-decran-2023-04-25-a-10.19.10-1200x985.png\" alt class=\"img-responsive wp-image-2297\" srcset=\"https:\/\/relaxinc.ch\/wp-content\/uploads\/2023\/04\/Capture-decran-2023-04-25-a-10.19.10-200x164.png 200w, https:\/\/relaxinc.ch\/wp-content\/uploads\/2023\/04\/Capture-decran-2023-04-25-a-10.19.10-400x328.png 400w, https:\/\/relaxinc.ch\/wp-content\/uploads\/2023\/04\/Capture-decran-2023-04-25-a-10.19.10-600x493.png 600w, https:\/\/relaxinc.ch\/wp-content\/uploads\/2023\/04\/Capture-decran-2023-04-25-a-10.19.10-800x657.png 800w, https:\/\/relaxinc.ch\/wp-content\/uploads\/2023\/04\/Capture-decran-2023-04-25-a-10.19.10-1200x985.png 1200w, https:\/\/relaxinc.ch\/wp-content\/uploads\/2023\/04\/Capture-decran-2023-04-25-a-10.19.10.png 1408w\" sizes=\"(max-width: 1050px) 100vw, 600px\" \/><\/span><\/div><\/div><\/div><div class=\"fusion-clearfix\"><\/div><\/div><\/div><\/div><\/div><div class=\"fusion-fullwidth fullwidth-box fusion-builder-row-2 hundred-percent-fullwidth non-hundred-percent-height-scrolling fusion-equal-height-columns\" style=\"--awb-background-position:left top;--awb-border-sizes-top:0px;--awb-border-sizes-bottom:0px;--awb-border-sizes-left:0px;--awb-border-sizes-right:0px;--awb-border-radius-top-left:0px;--awb-border-radius-top-right:0px;--awb-border-radius-bottom-right:0px;--awb-border-radius-bottom-left:0px;--awb-padding-top:0px;--awb-padding-right:0px;--awb-padding-bottom:0px;--awb-padding-left:0px;--awb-flex-wrap:wrap;\" ><div class=\"fusion-builder-row fusion-row\"><div class=\"fusion-layout-column fusion_builder_column fusion-builder-column-2 fusion_builder_column_1_2 1_2 fusion-one-half fusion-column-first\" style=\"--awb-padding-top:90px;--awb-padding-right:15%;--awb-padding-bottom:90px;--awb-padding-left:15%;--awb-bg-image:url(&#039;https:\/\/relaxinc.ch\/wp-content\/uploads\/2025\/12\/720x780-copie-2.png&#039;);--awb-bg-position:center center;--awb-bg-size:cover;--awb-margin-bottom:0px;\" data-scroll-devices=\"small-visibility,medium-visibility,large-visibility\"><div class=\"fusion-column-wrapper fusion-column-has-shadow fusion-flex-column-wrapper-legacy fusion-empty-column-bg-image fusion-column-has-bg-image\" data-bg-url=\"https:\/\/relaxinc.ch\/wp-content\/uploads\/2025\/12\/720x780-copie-2.png\"><div class=\"fusion-column-content-centered\"><div class=\"fusion-column-content\"><img decoding=\"async\" class=\"fusion-empty-dims-img-placeholder fusion-no-large-visibility\" src=\"data:image\/svg+xml,%3Csvg%20xmlns%3D%27http%3A%2F%2Fwww.w3.org%2F2000%2Fsvg%27%20width%3D%27800%27%20height%3D%27600%27%20viewBox%3D%270%200%20800%20600%27%3E%3Crect%20width%3D%27800%27%20height%3D%27600%27%20fill-opacity%3D%220%22%2F%3E%3C%2Fsvg%3E\"><\/div><\/div><div class=\"fusion-clearfix\"><\/div><\/div><\/div><div class=\"fusion-layout-column fusion_builder_column fusion-builder-column-3 fusion_builder_column_1_2 1_2 fusion-one-half fusion-column-last\" style=\"--awb-padding-top:90px;--awb-padding-right:15%;--awb-padding-bottom:90px;--awb-padding-left:15%;--awb-bg-color:#7bad02;--awb-bg-color-hover:#7bad02;--awb-bg-size:cover;--awb-margin-bottom:0px;\"><div class=\"fusion-column-wrapper fusion-column-has-shadow fusion-flex-column-wrapper-legacy\"><div class=\"fusion-column-content-centered\"><div class=\"fusion-column-content\"><div class=\"fusion-text fusion-text-3\"><h3 class=\"entry-title fusion-responsive-typography-calculated\" data-fontsize=\"52\" data-lineheight=\"72.8px\"><span class=\"a_GcMg font-feature-liga-off font-feature-clig-off font-feature-calt-off text-decoration-none text-strikethrough-none\" style=\"color: #ffffff;\">Offrir des formats accessibles<\/span><\/h3>\n<\/div><div class=\"fusion-text fusion-text-4\"><p><span style=\"color: #ffffff;\">Tous les collaborateurs n\u2019ont pas les m\u00eames disponibilit\u00e9s. Pour que chacun puisse en profiter, il faut proposer des formats vari\u00e9s. Par exemple, <strong>instaurer des s\u00e9ances collectives<\/strong> \u00e0 des moments pr\u00e9cis de la journ\u00e9e, tout en offrant en parall\u00e8le des services disponibles sur une plage horaire plus large, <strong>comme le massage assis de 20 minutes, accessible en continu pendant plusieurs jours<\/strong>. C\u2019est d\u2019ailleurs l\u2019une des <strong>activit\u00e9s les plus pris\u00e9es : rapide, efficace et adapt\u00e9e au rythme de chacun.<\/strong> Cette combinaison entre temps forts collectifs et parenth\u00e8ses individuelles permet \u00e0 tous de participer selon leur emploi du temps.<\/span><\/p>\n<\/div><\/div><\/div><div class=\"fusion-clearfix\"><\/div><\/div><\/div><\/div><\/div><div class=\"fusion-fullwidth fullwidth-box fusion-builder-row-3 hundred-percent-fullwidth non-hundred-percent-height-scrolling fusion-equal-height-columns\" style=\"--awb-background-position:left top;--awb-border-sizes-top:0px;--awb-border-sizes-bottom:0px;--awb-border-sizes-left:0px;--awb-border-sizes-right:0px;--awb-border-radius-top-left:0px;--awb-border-radius-top-right:0px;--awb-border-radius-bottom-right:0px;--awb-border-radius-bottom-left:0px;--awb-padding-top:0px;--awb-padding-right:0px;--awb-padding-bottom:0px;--awb-padding-left:0px;--awb-flex-wrap:wrap;\" ><div class=\"fusion-builder-row fusion-row\"><div class=\"fusion-layout-column fusion_builder_column fusion-builder-column-4 fusion_builder_column_1_2 1_2 fusion-one-half fusion-column-first\" style=\"--awb-padding-top:90px;--awb-padding-right:15%;--awb-padding-bottom:90px;--awb-padding-left:15%;--awb-bg-color:#7bad02;--awb-bg-color-hover:#7bad02;--awb-bg-size:cover;--awb-margin-bottom:0px;\"><div class=\"fusion-column-wrapper fusion-column-has-shadow fusion-flex-column-wrapper-legacy\"><div class=\"fusion-column-content-centered\"><div class=\"fusion-column-content\"><div class=\"fusion-text fusion-text-5\"><h3 class=\"fusion-responsive-typography-calculated\" data-fontsize=\"36\" data-lineheight=\"45px\"><span class=\"a_GcMg font-feature-liga-off font-feature-clig-off font-feature-calt-off text-decoration-none text-strikethrough-none\" style=\"color: #ffffff;\">Simplifier la mise en place<\/span><\/h3>\n<\/div><div class=\"fusion-text fusion-text-6\"><p><span style=\"color: #ffffff;\">Organiser une semaine bien-\u00eatre peut sembler complexe : inscriptions, plannings, suivi de la participation\u2026 Avec notre\u00a0<strong>plateforme,<\/strong>\u00a0tout devient simple et rapide. Vous pouvez ainsi vous concentrer sur l\u2019essentiel : offrir des moments m\u00e9morables \u00e0 vos \u00e9quipes.<\/span><\/p>\n<p><span style=\"color: #ffffff;\">Mise en place et gestion de r\u00e9servations simplifi\u00e9es avec notre plateforme personnalis\u00e9e :<\/span><br \/>\n<span style=\"color: #ffffff;\">\u2022 R\u00e9servations individuelles en autonomie<\/span><br \/>\n<span style=\"color: #ffffff;\">\u2022 Gestion centralis\u00e9e de toutes les activit\u00e9s<\/span><br \/>\n<span style=\"color: #ffffff;\">\u2022 Voir exemple :<\/span> <strong><span style=\"color: #0000ff;\"><a style=\"color: #0000ff;\" href=\"http:\/\/www.relaxinc.eu\/hw-sample\">ici<\/a><\/span><\/strong><\/p>\n<\/div><\/div><\/div><div class=\"fusion-clearfix\"><\/div><\/div><\/div><div class=\"fusion-layout-column fusion_builder_column fusion-builder-column-5 fusion_builder_column_1_2 1_2 fusion-one-half fusion-column-last\" style=\"--awb-padding-top:90px;--awb-padding-right:15%;--awb-padding-bottom:90px;--awb-padding-left:15%;--awb-bg-position:center center;--awb-bg-size:cover;--awb-margin-bottom:0px;\"><div class=\"fusion-column-wrapper fusion-column-has-shadow fusion-flex-column-wrapper-legacy\"><div class=\"fusion-column-content-centered\"><div class=\"fusion-column-content\"><div class=\"fusion-image-element in-legacy-container\" style=\"--awb-caption-title-font-family:var(--h2_typography-font-family);--awb-caption-title-font-weight:var(--h2_typography-font-weight);--awb-caption-title-font-style:var(--h2_typography-font-style);--awb-caption-title-size:var(--h2_typography-font-size);--awb-caption-title-transform:var(--h2_typography-text-transform);--awb-caption-title-line-height:var(--h2_typography-line-height);--awb-caption-title-letter-spacing:var(--h2_typography-letter-spacing);\"><span class=\" fusion-imageframe imageframe-none imageframe-2 hover-type-none\"><img decoding=\"async\" width=\"1200\" height=\"1042\" title=\"Capture d\u2019e\u0301cran 2023-04-25 a\u0300 11.20.53\" src=\"https:\/\/relaxinc.ch\/wp-content\/uploads\/2023\/04\/Capture-decran-2023-04-25-a-11.20.53-1200x1042.png\" alt class=\"img-responsive wp-image-2308\" srcset=\"https:\/\/relaxinc.ch\/wp-content\/uploads\/2023\/04\/Capture-decran-2023-04-25-a-11.20.53-200x174.png 200w, https:\/\/relaxinc.ch\/wp-content\/uploads\/2023\/04\/Capture-decran-2023-04-25-a-11.20.53-400x347.png 400w, https:\/\/relaxinc.ch\/wp-content\/uploads\/2023\/04\/Capture-decran-2023-04-25-a-11.20.53-600x521.png 600w, https:\/\/relaxinc.ch\/wp-content\/uploads\/2023\/04\/Capture-decran-2023-04-25-a-11.20.53-800x694.png 800w, https:\/\/relaxinc.ch\/wp-content\/uploads\/2023\/04\/Capture-decran-2023-04-25-a-11.20.53-1200x1042.png 1200w, https:\/\/relaxinc.ch\/wp-content\/uploads\/2023\/04\/Capture-decran-2023-04-25-a-11.20.53.png 1410w\" sizes=\"(max-width: 1050px) 100vw, 600px\" \/><\/span><\/div><\/div><\/div><div class=\"fusion-clearfix\"><\/div><\/div><\/div><\/div><\/div><div class=\"fusion-fullwidth fullwidth-box fusion-builder-row-4 nonhundred-percent-fullwidth non-hundred-percent-height-scrolling\" style=\"--awb-border-radius-top-left:0px;--awb-border-radius-top-right:0px;--awb-border-radius-bottom-right:0px;--awb-border-radius-bottom-left:0px;--awb-background-color:#7bad02;--awb-flex-wrap:wrap;\" ><div class=\"fusion-builder-row fusion-row\"><div class=\"fusion-layout-column fusion_builder_column fusion-builder-column-6 fusion_builder_column_1_6 1_6 fusion-one-sixth fusion-column-first\" style=\"--awb-bg-size:cover;width:16.666666666667%;width:calc(16.666666666667% - ( ( 4% + 4% ) * 0.16666666666667 ) );margin-right: 4%;\"><div class=\"fusion-column-wrapper fusion-column-has-shadow fusion-flex-column-wrapper-legacy\"><div class=\"fusion-clearfix\"><\/div><\/div><\/div><div class=\"fusion-layout-column fusion_builder_column fusion-builder-column-7 fusion_builder_column_2_3 2_3 fusion-two-third\" style=\"--awb-bg-size:cover;width:66.666666666667%;width:calc(66.666666666667% - ( ( 4% + 4% ) * 0.66666666666667 ) );margin-right: 4%;\"><div class=\"fusion-column-wrapper fusion-column-has-shadow fusion-flex-column-wrapper-legacy\">\n<div class=\"wpcf7 no-js\" id=\"wpcf7-f1585-o1\" lang=\"en-US\" dir=\"ltr\" data-wpcf7-id=\"1585\">\n<div class=\"screen-reader-response\"><p role=\"status\" aria-live=\"polite\" aria-atomic=\"true\"><\/p> <ul><\/ul><\/div>\n<form action=\"\/fr\/wp-json\/wp\/v2\/pages\/2635#wpcf7-f1585-o1\" method=\"post\" class=\"wpcf7-form init\" aria-label=\"Contact form\" novalidate=\"novalidate\" data-status=\"init\">\n<div style=\"display: none;\">\n<input type=\"hidden\" name=\"_wpcf7\" value=\"1585\" \/>\n<input type=\"hidden\" name=\"_wpcf7_version\" value=\"6.0.1\" \/>\n<input type=\"hidden\" name=\"_wpcf7_locale\" value=\"en_US\" \/>\n<input type=\"hidden\" name=\"_wpcf7_unit_tag\" value=\"wpcf7-f1585-o1\" \/>\n<input type=\"hidden\" name=\"_wpcf7_container_post\" value=\"0\" \/>\n<input type=\"hidden\" name=\"_wpcf7_posted_data_hash\" value=\"\" \/>\n<\/div>\n<div class=\"one-half\">\n\t<p><label>Name(*)<br \/>\n<span class=\"wpcf7-form-control-wrap\" data-name=\"your-name\"><input size=\"40\" maxlength=\"400\" class=\"wpcf7-form-control wpcf7-text wpcf7-validates-as-required\" aria-required=\"true\" aria-invalid=\"false\" value=\"\" type=\"text\" name=\"your-name\" \/><\/span> <\/label>\n\t<\/p>\n<\/div>\n<div class=\"one-half last\">\n\t<p><label>Phone<br \/>\n<span class=\"wpcf7-form-control-wrap\" data-name=\"Phone\"><input size=\"40\" maxlength=\"400\" class=\"wpcf7-form-control wpcf7-tel wpcf7-text wpcf7-validates-as-tel\" aria-invalid=\"false\" value=\"\" type=\"tel\" name=\"Phone\" \/><\/span> <\/label>\n\t<\/p>\n<\/div>\n<div class=\"one-half\">\n\t<p><label>Email(*)<br \/>\n<span class=\"wpcf7-form-control-wrap\" data-name=\"your-email\"><input size=\"40\" maxlength=\"400\" class=\"wpcf7-form-control wpcf7-email wpcf7-validates-as-required wpcf7-text wpcf7-validates-as-email\" aria-required=\"true\" aria-invalid=\"false\" value=\"\" type=\"email\" name=\"your-email\" \/><\/span> <\/label>\n\t<\/p>\n<\/div>\n<div class=\"one-half last\">\n\t<p><label>Company<br \/>\n<span class=\"wpcf7-form-control-wrap\" data-name=\"your-subject\"><input size=\"40\" maxlength=\"400\" class=\"wpcf7-form-control wpcf7-text\" aria-invalid=\"false\" value=\"\" type=\"text\" name=\"your-subject\" \/><\/span> <\/label>\n\t<\/p>\n<\/div>\n<div class=\"one-full\">\n\t<p><label>Message<br \/>\n<span class=\"wpcf7-form-control-wrap\" data-name=\"your-message\"><textarea cols=\"40\" rows=\"10\" maxlength=\"2000\" class=\"wpcf7-form-control wpcf7-textarea\" aria-invalid=\"false\" name=\"your-message\"><\/textarea><\/span> <\/label>\n\t<\/p>\n<\/div>\n<p><div class=\"cf7-cf-turnstile\" style=\"margin-top: 0px; margin-bottom: -15px;\"> <div id=\"cf-turnstile-cf7-2833596626\" class=\"cf-turnstile\" data-sitekey=\"0x4AAAAAAAwk295lIoqj1dHw\" data-theme=\"light\" data-language=\"auto\" data-size=\"\" data-retry=\"auto\" data-retry-interval=\"1000\" data-action=\"contact-form-7\" data-appearance=\"interaction-only\"><\/div> <script>document.addEventListener(\"DOMContentLoaded\",(function(){var e=document.getElementById(\"cf-turnstile-cf7-2833596626\");e&&!e.innerHTML.trim()&&(turnstile.remove(\"#cf-turnstile-cf7-2833596626\"),turnstile.render(\"#cf-turnstile-cf7-2833596626\",{sitekey:\"0x4AAAAAAAwk295lIoqj1dHw\"}))}));<\/script> <style>#cf-turnstile-cf7-2833596626 iframe { margin-bottom: 15px; }<\/style> <style>#cf-turnstile-cf7-2833596626 { margin-left: -15px; }<\/style> <script>document.addEventListener(\"DOMContentLoaded\",function(){document.querySelectorAll('.wpcf7-form').forEach(function(e){e.addEventListener('submit',function(){if(document.getElementById('cf-turnstile-cf7-2833596626')){setTimeout(function(){turnstile.reset('#cf-turnstile-cf7-2833596626');},1000)}})})});<\/script> <\/div><br\/><input class=\"wpcf7-form-control wpcf7-submit has-spinner\" type=\"submit\" value=\"Send\" \/>\n<\/p><div class=\"fusion-alert alert custom alert-custom fusion-alert-center wpcf7-response-output awb-alert-native-link-color alert-dismissable awb-alert-close-boxed\" style=\"--awb-border-size:1px;--awb-border-top-left-radius:0px;--awb-border-top-right-radius:0px;--awb-border-bottom-left-radius:0px;--awb-border-bottom-right-radius:0px;\" role=\"alert\"><div class=\"fusion-alert-content-wrapper\"><span class=\"fusion-alert-content\"><\/span><\/div><button type=\"button\" class=\"close toggle-alert\" data-dismiss=\"alert\" aria-label=\"Close\">&times;<\/button><\/div>\n<\/form>\n<\/div>\n<div class=\"fusion-clearfix\"><\/div><\/div><\/div><div class=\"fusion-layout-column fusion_builder_column fusion-builder-column-8 fusion_builder_column_1_6 1_6 fusion-one-sixth fusion-column-last\" style=\"--awb-bg-size:cover;width:16.666666666667%;width:calc(16.666666666667% - ( ( 4% + 4% ) * 0.16666666666667 ) );\"><div class=\"fusion-column-wrapper fusion-column-has-shadow fusion-flex-column-wrapper-legacy\"><div class=\"fusion-clearfix\"><\/div><\/div><\/div><\/div><\/div><\/p>\n","protected":false},"excerpt":{"rendered":"","protected":false},"author":3,"featured_media":0,"parent":0,"menu_order":0,"comment_status":"closed","ping_status":"closed","template":"100-width.php","meta":{"_uf_show_specific_survey":0,"_uf_disable_surveys":false,"footnotes":""},"class_list":["post-2635","page","type-page","status-publish","hentry"],"aioseo_notices":[],"_links":{"self":[{"href":"https:\/\/relaxinc.ch\/fr\/wp-json\/wp\/v2\/pages\/2635","targetHints":{"allow":["GET"]}}],"collection":[{"href":"https:\/\/relaxinc.ch\/fr\/wp-json\/wp\/v2\/pages"}],"about":[{"href":"https:\/\/relaxinc.ch\/fr\/wp-json\/wp\/v2\/types\/page"}],"author":[{"embeddable":true,"href":"https:\/\/relaxinc.ch\/fr\/wp-json\/wp\/v2\/users\/3"}],"replies":[{"embeddable":true,"href":"https:\/\/relaxinc.ch\/fr\/wp-json\/wp\/v2\/comments?post=2635"}],"version-history":[{"count":19,"href":"https:\/\/relaxinc.ch\/fr\/wp-json\/wp\/v2\/pages\/2635\/revisions"}],"predecessor-version":[{"id":4513,"href":"https:\/\/relaxinc.ch\/fr\/wp-json\/wp\/v2\/pages\/2635\/revisions\/4513"}],"wp:attachment":[{"href":"https:\/\/relaxinc.ch\/fr\/wp-json\/wp\/v2\/media?parent=2635"}],"curies":[{"name":"wp","href":"https:\/\/api.w.org\/{rel}","templated":true}]}}