{"id":3203,"date":"2024-03-26T15:55:32","date_gmt":"2024-03-26T15:55:32","guid":{"rendered":"https:\/\/relaxinc.ch\/emplois\/"},"modified":"2024-10-15T18:05:35","modified_gmt":"2024-10-15T18:05:35","slug":"emplois","status":"publish","type":"page","link":"https:\/\/relaxinc.ch\/fr\/emplois\/","title":{"rendered":"Emplois"},"content":{"rendered":"<p><div class=\"fusion-fullwidth fullwidth-box fusion-builder-row-1 nonhundred-percent-fullwidth non-hundred-percent-height-scrolling\" style=\"--awb-border-radius-top-left:0px;--awb-border-radius-top-right:0px;--awb-border-radius-bottom-right:0px;--awb-border-radius-bottom-left:0px;--awb-padding-top:0px;--awb-padding-left:;--awb-margin-top:0px;--awb-margin-bottom:0px;--awb-flex-wrap:wrap;\" ><div class=\"fusion-builder-row fusion-row\"><\/div><\/div><div class=\"fusion-fullwidth fullwidth-box fusion-builder-row-2 nonhundred-percent-fullwidth non-hundred-percent-height-scrolling\" style=\"--awb-border-radius-top-left:0px;--awb-border-radius-top-right:0px;--awb-border-radius-bottom-right:0px;--awb-border-radius-bottom-left:0px;--awb-flex-wrap:wrap;\" ><div class=\"fusion-builder-row fusion-row\"><div class=\"fusion-layout-column fusion_builder_column fusion-builder-column-0 fusion_builder_column_1_1 1_1 fusion-one-full fusion-column-first fusion-column-last\" style=\"--awb-bg-size:cover;\"><div class=\"fusion-column-wrapper fusion-column-has-shadow fusion-flex-column-wrapper-legacy\"><div class=\"fusion-text fusion-text-1\"><h2 id=\"tw-target-text\" class=\"tw-data-text tw-text-large tw-ta\" dir=\"ltr\" data-placeholder=\"Traduction\" aria-label=\"Texte traduit\" data-ved=\"2ahUKEwie5Lmfo5KFAxUgdqQEHa3lAi8Q3ewLegQIBRAU\"><span class=\"Y2IQFc\" lang=\"fr\" style=\"color: #7bad02;\">Envie de rejoindre l&rsquo;\u00e9quipe RelaxInc ?<\/span><\/h2>\n<p><span style=\"color: #000000;\">Rejoignez notre \u00e9quipe chez RelaxInc et participez \u00e0 notre mission passionnante de promouvoir le bien-\u00eatre et la sant\u00e9 au sein des entreprises suisses.<\/span><\/p>\n<p><img decoding=\"async\" class=\"size-fusion-1200 wp-image-3067 aligncenter\" src=\"https:\/\/relaxinc.ch\/wp-content\/uploads\/2024\/02\/6bb6234d-2133-404d-b72f-9b5f8fd867d1-1-1200x749.jpg\" alt=\"\" width=\"1200\" height=\"749\" srcset=\"https:\/\/relaxinc.ch\/wp-content\/uploads\/2024\/02\/6bb6234d-2133-404d-b72f-9b5f8fd867d1-1-200x125.jpg 200w, https:\/\/relaxinc.ch\/wp-content\/uploads\/2024\/02\/6bb6234d-2133-404d-b72f-9b5f8fd867d1-1-300x187.jpg 300w, https:\/\/relaxinc.ch\/wp-content\/uploads\/2024\/02\/6bb6234d-2133-404d-b72f-9b5f8fd867d1-1-400x250.jpg 400w, https:\/\/relaxinc.ch\/wp-content\/uploads\/2024\/02\/6bb6234d-2133-404d-b72f-9b5f8fd867d1-1-600x375.jpg 600w, https:\/\/relaxinc.ch\/wp-content\/uploads\/2024\/02\/6bb6234d-2133-404d-b72f-9b5f8fd867d1-1-768x480.jpg 768w, https:\/\/relaxinc.ch\/wp-content\/uploads\/2024\/02\/6bb6234d-2133-404d-b72f-9b5f8fd867d1-1-800x500.jpg 800w, https:\/\/relaxinc.ch\/wp-content\/uploads\/2024\/02\/6bb6234d-2133-404d-b72f-9b5f8fd867d1-1-1024x639.jpg 1024w, https:\/\/relaxinc.ch\/wp-content\/uploads\/2024\/02\/6bb6234d-2133-404d-b72f-9b5f8fd867d1-1-1200x749.jpg 1200w, https:\/\/relaxinc.ch\/wp-content\/uploads\/2024\/02\/6bb6234d-2133-404d-b72f-9b5f8fd867d1-1-1536x959.jpg 1536w, https:\/\/relaxinc.ch\/wp-content\/uploads\/2024\/02\/6bb6234d-2133-404d-b72f-9b5f8fd867d1-1.jpg 1837w\" sizes=\"(max-width: 1200px) 100vw, 1200px\" \/><\/p>\n<\/div><div class=\"fusion-text fusion-text-2\"><\/div><div class=\"fusion-sep-clear\"><\/div><div class=\"fusion-separator fusion-full-width-sep\" style=\"margin-left: auto;margin-right: auto;width:100%;\"><div class=\"fusion-separator-border sep-shadow\" style=\"--awb-height:20px;--awb-amount:20px;--awb-sep-color:#0a212c;background:radial-gradient(ellipse at 50% -50% , #0a212c 0px, rgba(255, 255, 255, 0) 80%) repeat scroll 0 0 rgba(0, 0, 0, 0);background:-webkit-radial-gradient(ellipse at 50% -50% , #0a212c 0px, rgba(255, 255, 255, 0) 80%) repeat scroll 0 0 rgba(0, 0, 0, 0);background:-moz-radial-gradient(ellipse at 50% -50% , #0a212c 0px, rgba(255, 255, 255, 0) 80%) repeat scroll 0 0 rgba(0, 0, 0, 0);background:-o-radial-gradient(ellipse at 50% -50% , #0a212c 0px, rgba(255, 255, 255, 0) 80%) repeat scroll 0 0 rgba(0, 0, 0, 0);\"><\/div><\/div><div class=\"fusion-sep-clear\"><\/div><div class=\"fusion-clearfix\"><\/div><\/div><\/div><\/div><\/div><\/p>\n","protected":false},"excerpt":{"rendered":"","protected":false},"author":3,"featured_media":0,"parent":0,"menu_order":0,"comment_status":"closed","ping_status":"closed","template":"","meta":{"_uf_show_specific_survey":0,"_uf_disable_surveys":false,"footnotes":""},"class_list":["post-3203","page","type-page","status-publish","hentry"],"aioseo_notices":[],"_links":{"self":[{"href":"https:\/\/relaxinc.ch\/fr\/wp-json\/wp\/v2\/pages\/3203","targetHints":{"allow":["GET"]}}],"collection":[{"href":"https:\/\/relaxinc.ch\/fr\/wp-json\/wp\/v2\/pages"}],"about":[{"href":"https:\/\/relaxinc.ch\/fr\/wp-json\/wp\/v2\/types\/page"}],"author":[{"embeddable":true,"href":"https:\/\/relaxinc.ch\/fr\/wp-json\/wp\/v2\/users\/3"}],"replies":[{"embeddable":true,"href":"https:\/\/relaxinc.ch\/fr\/wp-json\/wp\/v2\/comments?post=3203"}],"version-history":[{"count":1,"href":"https:\/\/relaxinc.ch\/fr\/wp-json\/wp\/v2\/pages\/3203\/revisions"}],"predecessor-version":[{"id":3204,"href":"https:\/\/relaxinc.ch\/fr\/wp-json\/wp\/v2\/pages\/3203\/revisions\/3204"}],"wp:attachment":[{"href":"https:\/\/relaxinc.ch\/fr\/wp-json\/wp\/v2\/media?parent=3203"}],"curies":[{"name":"wp","href":"https:\/\/api.w.org\/{rel}","templated":true}]}}