{"id":3796,"date":"2024-12-16T14:21:13","date_gmt":"2024-12-16T14:21:13","guid":{"rendered":"https:\/\/relaxinc.ch\/?page_id=3796"},"modified":"2024-12-16T14:46:35","modified_gmt":"2024-12-16T14:46:35","slug":"trail-running-team","status":"publish","type":"page","link":"https:\/\/relaxinc.ch\/fr\/trail-running-team\/","title":{"rendered":"Trail running team"},"content":{"rendered":"<div class=\"fusion-fullwidth fullwidth-box fusion-builder-row-1 nonhundred-percent-fullwidth non-hundred-percent-height-scrolling\" style=\"--awb-background-position:left top;--awb-border-sizes-top:0px;--awb-border-sizes-bottom:0px;--awb-border-sizes-left:0px;--awb-border-sizes-right:0px;--awb-border-radius-top-left:0px;--awb-border-radius-top-right:0px;--awb-border-radius-bottom-right:0px;--awb-border-radius-bottom-left:0px;--awb-padding-top:80px;--awb-padding-bottom:80px;--awb-background-color:#ffffff;--awb-flex-wrap:wrap;\" ><div class=\"fusion-builder-row fusion-row\"><div class=\"fusion-layout-column fusion_builder_column fusion-builder-column-0 fusion_builder_column_1_1 1_1 fusion-one-full fusion-column-first fusion-column-last\" style=\"--awb-bg-size:cover;\"><div class=\"fusion-column-wrapper fusion-flex-column-wrapper-legacy\"><div class=\"fusion-text fusion-text-1\"><h1 style=\"text-align: center;\"><span style=\"color: #000000;\">Trail Running Team<\/span><\/h1>\n<p style=\"text-align: center;\"><span style=\"color: #000000;\">Chez RelaxInc, nous croyons profond\u00e9ment que le <strong>d\u00e9passement de soi et le bien-\u00eatre<\/strong> vont de pair.<\/span><\/p>\n<p style=\"text-align: center;\"><span style=\"color: #000000;\">Le parcours de notre co-fondateur, Helder, est inspirant. Il a prouv\u00e9 qu\u2019on pouvait passer d\u2019une vie s\u00e9dentaire avec de mauvaises habitudes \u00e0 <strong>une existence dynamique et \u00e9panouie<\/strong>. <\/span><\/p>\n<p style=\"text-align: center;\"><span style=\"color: #000000;\">Ce d\u00e9clic lui a permis d\u2019entreprendre une multitude de d\u00e9fis dont celui d\u2019une des <strong>courses les plus difficiles au monde\u00a0: Marathon des sables<\/strong>. Dans ce p\u00e9riple mythique de <strong>250 kilom\u00e8tres<\/strong> \u00e0 travers le d\u00e9sert marocain, il a repouss\u00e9 ses limites physiques et mentales. Plus qu\u2019un simple exploit sportif, cette exp\u00e9rience lui a permis de comprendre l\u2019importance de l\u2019<strong>\u00e9quilibre entre le corps et l\u2019esprit<\/strong>.<\/span><\/p>\n<p style=\"text-align: center;\"><span style=\"color: #000000;\">En cr\u00e9ant la Trail Running Team, Helder a voulu fonder une \u00e9quipe qui incarne pleinement les valeurs de RelaxInc : un lieu o\u00f9 le <strong>d\u00e9passement de soi, la coh\u00e9sion et l\u2019\u00e9quilibre se rencontrent.<\/strong> Une \u00e9quipe qui invite \u00e0 se challenger, tout en restant fid\u00e8le \u00e0 l\u2019essentiel : le <strong>bien-\u00eatre<\/strong>.<\/span><\/p>\n<p style=\"text-align: center;\"><span style=\"color: #000000;\">Avec la Trail Running Team, nous souhaitons accueillir non seulement nos collaborateurs, nos clients, mais aussi tous ceux qui partagent cette vision de la vie active et du plaisir.<\/span><\/p>\n<p style=\"text-align: center;\"><span style=\"color: #000000;\">L\u2019aventure de la Trail Running Team ne fait que d\u00e9buter, et nous serions impatients de vous y retrouver pour <strong>\u00e9crire la suite ensemble<\/strong> !<\/span><\/p>\n<\/div><div class=\"fusion-blog-shortcode fusion-blog-shortcode-1 fusion-blog-archive fusion-blog-layout-timeline-wrapper fusion-blog-pagination\"><div class=\"fusion-posts-container fusion-posts-container-pagination fusion-blog-rollover\" data-pages=\"1\"><div class=\"fusion-timeline-icon\"><i class=\"awb-icon-bubbles\" style=\"color:#f2f3f5;\" aria-hidden=\"true\"><\/i><\/div><div class=\"fusion-blog-layout-timeline fusion-clearfix\"><div class=\"fusion-timeline-line\" style=\"border-left:1px solid #f2f3f5;border-right:1px solid #f2f3f5;\"><\/div><h3 class=\"fusion-timeline-date\" style=\"background-color:#f2f3f5;\">d\u00e9cembre 2025<\/h3><div class=\"fusion-collapse-month\"><article id=\"blog-1-post-4175\" style=\"border-color:#f2f3f5;\" class=\"fusion-post-timeline fusion-clearfix fusion-left-column post-4175 post type-post status-publish format-standard has-post-thumbnail hentry category-trail-team-running-fr\">\n<div class=\"fusion-post-wrapper\" style=\"background-color:rgba(255,255,255,0);\">\n\n\t\t\t<div class=\"fusion-flexslider flexslider fusion-flexslider-loading fusion-post-slideshow\" style=\"border-color:#f2f3f5;\">\n\t\t<ul class=\"slides\">\n\t\t\t\n\t\t\t\t\t\t\t\t\t\t\t\t\t\t<li><div  class=\"fusion-image-wrapper\" aria-haspopup=\"true\">\n\t\t\t\t<img decoding=\"async\" width=\"800\" height=\"600\" src=\"https:\/\/relaxinc.ch\/wp-content\/uploads\/2025\/12\/720x780-copie-1.png\" class=\"attachment-full size-full wp-post-image\" alt=\"\" srcset=\"https:\/\/relaxinc.ch\/wp-content\/uploads\/2025\/12\/720x780-copie-1-200x150.png 200w, https:\/\/relaxinc.ch\/wp-content\/uploads\/2025\/12\/720x780-copie-1-400x300.png 400w, https:\/\/relaxinc.ch\/wp-content\/uploads\/2025\/12\/720x780-copie-1-600x450.png 600w, https:\/\/relaxinc.ch\/wp-content\/uploads\/2025\/12\/720x780-copie-1.png 800w\" sizes=\"(max-width: 1050px) 100vw, 40vw\" \/><div class=\"fusion-rollover\">\n\t<div class=\"fusion-rollover-content\">\n\n\t\t\t\t\n\t\t\n\t\t\t\t\t\t\t\t\t\t\t\t<h4 class=\"fusion-rollover-title\">\n\t\t\t\t\t<a class=\"fusion-rollover-title-link\" href=\"https:\/\/relaxinc.ch\/fr\/le-reve-utmb-de-helder-recit-dune-aventure-extraordinaire\/\">\n\t\t\t\t\t\tLe r\u00eave UTMB de Helder : r\u00e9cit d\u2019une aventure extraordinaire\t\t\t\t\t<\/a>\n\t\t\t\t<\/h4>\n\t\t\t\n\t\t\t\t\t\t\t\t\n\t\t\n\t\t\t\t\t\t<a class=\"fusion-link-wrapper\" href=\"https:\/\/relaxinc.ch\/fr\/le-reve-utmb-de-helder-recit-dune-aventure-extraordinaire\/\" aria-label=\"Le r\u00eave UTMB de Helder : r\u00e9cit d\u2019une aventure extraordinaire\"><\/a>\n\t<\/div>\n<\/div>\n<\/div>\n<\/li>\n\t\t\t\n\t\t\t\n\t\t\t\t\t\t\t\t\t\t\t\t\t\t\t\t\t\t\t\t\t\t\t\t\t\t\t\t\t\t\t\t\t\t\t\t\t\t\t\t\t\t\t\t\t\t\t\t\t\t\t\t\t\t\t\t\t\t\t\t\t\t\t\t\t\t\t\t<\/ul>\n\t<\/div>\n\t<div class=\"fusion-post-content-wrapper\" style=\"padding:30px 25px 25px 25px;\"><div class=\"fusion-post-content post-content\"><div class=\"fusion-timeline-circle\" style=\"background-color:#f2f3f5;\"><\/div><div class=\"fusion-timeline-arrow\" style=\"color:#f2f3f5;\"><\/div><h2 class=\"blog-shortcode-post-title entry-title\"><a href=\"https:\/\/relaxinc.ch\/fr\/le-reve-utmb-de-helder-recit-dune-aventure-extraordinaire\/\">Le r\u00eave UTMB de Helder : r\u00e9cit d\u2019une aventure extraordinaire<\/a><\/h2><div class=\"fusion-content-sep sep-double sep-solid\"><\/div><div class=\"fusion-post-content-container\"><p> Le r\u00eave UTMB de Helder : r\u00e9cit d\u2019une aventure extraordinaire L\u2019\u00e9t\u00e9 2025 restera grav\u00e9 dans la m\u00e9moire de Helder comme l\u2019accomplissement d\u2019un r\u00eave : participer \u00e0 l\u2019Ultra-Trail du Mont-Blanc [...]<\/p><\/div><\/div><div class=\"fusion-meta-info\"><div class=\"fusion-alignleft\"><a class=\"fusion-read-more\" href=\"https:\/\/relaxinc.ch\/fr\/le-reve-utmb-de-helder-recit-dune-aventure-extraordinaire\/\" aria-label=\"More on Le r\u00eave UTMB de Helder : r\u00e9cit d\u2019une aventure extraordinaire\">Read More<\/a><\/div><\/div><\/div><div class=\"fusion-clearfix\"><\/div><\/div>\n<\/article>\n<\/div><h3 class=\"fusion-timeline-date\" style=\"background-color:#f2f3f5;\">d\u00e9cembre 2024<\/h3><div class=\"fusion-collapse-month\"><article id=\"blog-1-post-3813\" style=\"border-color:#f2f3f5;\" class=\"fusion-post-timeline fusion-clearfix fusion-right-column post-3813 post type-post status-publish format-standard has-post-thumbnail hentry category-trail-team-running-fr\">\n<div class=\"fusion-post-wrapper\" style=\"background-color:rgba(255,255,255,0);\">\n\n\t\t\t<div class=\"fusion-flexslider flexslider fusion-flexslider-loading fusion-post-slideshow\" style=\"border-color:#f2f3f5;\">\n\t\t<ul class=\"slides\">\n\t\t\t\n\t\t\t\t\t\t\t\t\t\t\t\t\t\t<li><div  class=\"fusion-image-wrapper\" aria-haspopup=\"true\">\n\t\t\t\t<img decoding=\"async\" width=\"1600\" height=\"900\" src=\"https:\/\/relaxinc.ch\/wp-content\/uploads\/2023\/12\/6.jpg\" class=\"attachment-full size-full wp-post-image\" alt=\"\" srcset=\"https:\/\/relaxinc.ch\/wp-content\/uploads\/2023\/12\/6-200x113.jpg 200w, https:\/\/relaxinc.ch\/wp-content\/uploads\/2023\/12\/6-400x225.jpg 400w, https:\/\/relaxinc.ch\/wp-content\/uploads\/2023\/12\/6-600x338.jpg 600w, https:\/\/relaxinc.ch\/wp-content\/uploads\/2023\/12\/6-800x450.jpg 800w, https:\/\/relaxinc.ch\/wp-content\/uploads\/2023\/12\/6-1200x675.jpg 1200w, https:\/\/relaxinc.ch\/wp-content\/uploads\/2023\/12\/6.jpg 1600w\" sizes=\"(max-width: 1050px) 100vw, 40vw\" \/><div class=\"fusion-rollover\">\n\t<div class=\"fusion-rollover-content\">\n\n\t\t\t\t\n\t\t\n\t\t\t\t\t\t\t\t\t\t\t\t<h4 class=\"fusion-rollover-title\">\n\t\t\t\t\t<a class=\"fusion-rollover-title-link\" href=\"https:\/\/relaxinc.ch\/fr\/marathon-des-sables\/\">\n\t\t\t\t\t\tMarathon des sables\t\t\t\t\t<\/a>\n\t\t\t\t<\/h4>\n\t\t\t\n\t\t\t\t\t\t\t\t\n\t\t\n\t\t\t\t\t\t<a class=\"fusion-link-wrapper\" href=\"https:\/\/relaxinc.ch\/fr\/marathon-des-sables\/\" aria-label=\"Marathon des sables\"><\/a>\n\t<\/div>\n<\/div>\n<\/div>\n<\/li>\n\t\t\t\n\t\t\t\n\t\t\t\t\t\t\t\t\t\t\t\t\t\t\t\t\t\t\t\t\t\t\t\t\t\t\t\t\t\t\t\t\t\t\t\t\t\t\t\t\t\t\t\t\t\t\t\t\t\t\t\t\t\t\t\t\t\t\t\t\t\t\t\t\t\t\t\t<\/ul>\n\t<\/div>\n\t<div class=\"fusion-post-content-wrapper\" style=\"padding:30px 25px 25px 25px;\"><div class=\"fusion-post-content post-content\"><div class=\"fusion-timeline-circle\" style=\"background-color:#f2f3f5;\"><\/div><div class=\"fusion-timeline-arrow\" style=\"color:#f2f3f5;\"><\/div><h2 class=\"blog-shortcode-post-title entry-title\"><a href=\"https:\/\/relaxinc.ch\/fr\/marathon-des-sables\/\">Marathon des sables<\/a><\/h2><div class=\"fusion-content-sep sep-double sep-solid\"><\/div><div class=\"fusion-post-content-container\"><p> Marathon des sables Le 9 avril 2021, Helder a vu sa vie boulevers\u00e9e lorsque son p\u00e8re, son mod\u00e8le et son h\u00e9ros, a re\u00e7u un diagnostic de cancer du pancr\u00e9as. [...]<\/p><\/div><\/div><div class=\"fusion-meta-info\"><div class=\"fusion-alignleft\"><a class=\"fusion-read-more\" href=\"https:\/\/relaxinc.ch\/fr\/marathon-des-sables\/\" aria-label=\"More on Marathon des sables\">Read More<\/a><\/div><\/div><\/div><div class=\"fusion-clearfix\"><\/div><\/div>\n<\/article>\n<\/div><\/div><\/div><\/div><div class=\"fusion-clearfix\"><\/div><\/div><\/div><\/div><\/div>\n","protected":false},"excerpt":{"rendered":"<p>yes<\/p>\n","protected":false},"author":3,"featured_media":0,"parent":0,"menu_order":0,"comment_status":"closed","ping_status":"closed","template":"100-width.php","meta":{"_uf_show_specific_survey":0,"_uf_disable_surveys":false,"footnotes":""},"class_list":["post-3796","page","type-page","status-publish","hentry"],"aioseo_notices":[],"_links":{"self":[{"href":"https:\/\/relaxinc.ch\/fr\/wp-json\/wp\/v2\/pages\/3796","targetHints":{"allow":["GET"]}}],"collection":[{"href":"https:\/\/relaxinc.ch\/fr\/wp-json\/wp\/v2\/pages"}],"about":[{"href":"https:\/\/relaxinc.ch\/fr\/wp-json\/wp\/v2\/types\/page"}],"author":[{"embeddable":true,"href":"https:\/\/relaxinc.ch\/fr\/wp-json\/wp\/v2\/users\/3"}],"replies":[{"embeddable":true,"href":"https:\/\/relaxinc.ch\/fr\/wp-json\/wp\/v2\/comments?post=3796"}],"version-history":[{"count":6,"href":"https:\/\/relaxinc.ch\/fr\/wp-json\/wp\/v2\/pages\/3796\/revisions"}],"predecessor-version":[{"id":3817,"href":"https:\/\/relaxinc.ch\/fr\/wp-json\/wp\/v2\/pages\/3796\/revisions\/3817"}],"wp:attachment":[{"href":"https:\/\/relaxinc.ch\/fr\/wp-json\/wp\/v2\/media?parent=3796"}],"curies":[{"name":"wp","href":"https:\/\/api.w.org\/{rel}","templated":true}]}}