{"id":4313,"date":"2026-01-28T15:43:03","date_gmt":"2026-01-28T15:43:03","guid":{"rendered":"https:\/\/relaxinc.ch\/step-challenge-copy\/"},"modified":"2026-04-16T16:01:17","modified_gmt":"2026-04-16T16:01:17","slug":"activity-challenge","status":"publish","type":"page","link":"https:\/\/relaxinc.ch\/fr\/activity-challenge\/","title":{"rendered":"Activity Challenge"},"content":{"rendered":"<p><div class=\"fusion-fullwidth fullwidth-box fusion-builder-row-1 hundred-percent-fullwidth non-hundred-percent-height-scrolling fusion-equal-height-columns\" style=\"--awb-background-position:left top;--awb-border-sizes-top:0px;--awb-border-sizes-bottom:0px;--awb-border-sizes-left:0px;--awb-border-sizes-right:0px;--awb-border-radius-top-left:0px;--awb-border-radius-top-right:0px;--awb-border-radius-bottom-right:0px;--awb-border-radius-bottom-left:0px;--awb-padding-top:0px;--awb-padding-right:0px;--awb-padding-bottom:0px;--awb-padding-left:0px;--awb-flex-wrap:wrap;\" ><div class=\"fusion-builder-row fusion-row\"><div class=\"fusion-layout-column fusion_builder_column fusion-builder-column-0 fusion_builder_column_1_2 1_2 fusion-one-half fusion-column-first\" style=\"--awb-padding-top:90px;--awb-padding-right:15%;--awb-padding-bottom:90px;--awb-padding-left:15%;--awb-bg-size:cover;--awb-margin-bottom:0px;\" data-scroll-devices=\"small-visibility,medium-visibility,large-visibility\"><div class=\"fusion-column-wrapper fusion-column-has-shadow fusion-flex-column-wrapper-legacy\"><div class=\"fusion-column-content-centered\"><div class=\"fusion-column-content\"><div class=\"fusion-text fusion-text-1\"><h3><span style=\"color: #000000;\">Activity Challenge<\/span><\/h3>\n<\/div><div class=\"fusion-text fusion-text-2\"><h4><span style=\"color: #000000;\">Boostez le bien-\u00eatre de vos \u00e9quipes !<\/span><\/h4>\n<\/div><div class=\"fusion-text fusion-text-3\"><p><span style=\"color: #000000;\">Le <\/span><span style=\"color: #0000ff;\"><strong><a style=\"color: #0000ff;\" href=\"https:\/\/relaxinc.ch\/fr\/step-challenge\/\">Step Challenge<\/a><\/strong><\/span> <span style=\"color: #000000;\">\u00e9volue, et s\u2019enrichit d\u2019une option premium, un dispositif qui suit les diff\u00e9rentes activit\u00e9s physiques des \u00e9quipes. L\u2019application enregistre automatiquement les pas et convertit les autres pratiques (v\u00e9lo, natation, etc.) en pas, garantissant un suivi \u00e9quitable, inclusif et motivant. Ce challenge incite chacun \u00e0 int\u00e9grer facilement l\u2019activit\u00e9 physique de son choix dans son quotidien, tout en renfor\u00e7ant l\u2019engagement collectif.<\/span><\/p>\n<p><span style=\"color: #000000;\"><strong>Un d\u00e9fi qui bouge, un esprit d\u2019\u00e9quipe qui grandit !<\/strong><\/span><\/p>\n<\/div><\/div><\/div><div class=\"fusion-clearfix\"><\/div><\/div><\/div><div class=\"fusion-layout-column fusion_builder_column fusion-builder-column-1 fusion_builder_column_1_2 1_2 fusion-one-half fusion-column-last\" style=\"--awb-padding-top:90px;--awb-padding-right:15%;--awb-padding-bottom:90px;--awb-padding-left:15%;--awb-bg-image:url(&#039;https:\/\/relaxinc.ch\/wp-content\/uploads\/2026\/01\/720x780-copie.png&#039;);--awb-bg-position:center center;--awb-bg-size:cover;--awb-margin-bottom:0px;\" data-scroll-devices=\"small-visibility,medium-visibility,large-visibility\"><div class=\"fusion-column-wrapper fusion-column-has-shadow fusion-flex-column-wrapper-legacy fusion-column-has-bg-image\" data-bg-url=\"https:\/\/relaxinc.ch\/wp-content\/uploads\/2026\/01\/720x780-copie.png\"><div class=\"fusion-column-content-centered\"><div class=\"fusion-column-content\"><\/div><\/div><div class=\"fusion-clearfix\"><\/div><\/div><\/div><\/div><\/div><div class=\"fusion-fullwidth fullwidth-box fusion-builder-row-2 hundred-percent-fullwidth non-hundred-percent-height-scrolling fusion-equal-height-columns\" style=\"--awb-background-position:left top;--awb-border-sizes-top:0px;--awb-border-sizes-bottom:0px;--awb-border-sizes-left:0px;--awb-border-sizes-right:0px;--awb-border-radius-top-left:0px;--awb-border-radius-top-right:0px;--awb-border-radius-bottom-right:0px;--awb-border-radius-bottom-left:0px;--awb-padding-top:0px;--awb-padding-right:0px;--awb-padding-bottom:0px;--awb-padding-left:0px;--awb-flex-wrap:wrap;\" ><div class=\"fusion-builder-row fusion-row\"><div class=\"fusion-layout-column fusion_builder_column fusion-builder-column-2 fusion_builder_column_1_2 1_2 fusion-one-half fusion-column-first\" style=\"--awb-padding-top:90px;--awb-padding-right:15%;--awb-padding-bottom:90px;--awb-padding-left:15%;--awb-bg-image:url(&#039;https:\/\/relaxinc.ch\/wp-content\/uploads\/2026\/01\/720x780-1.png&#039;);--awb-bg-position:center center;--awb-bg-size:cover;--awb-margin-bottom:0px;\" data-scroll-devices=\"small-visibility,medium-visibility,large-visibility\"><div class=\"fusion-column-wrapper fusion-column-has-shadow fusion-flex-column-wrapper-legacy fusion-empty-column-bg-image fusion-column-has-bg-image\" data-bg-url=\"https:\/\/relaxinc.ch\/wp-content\/uploads\/2026\/01\/720x780-1.png\"><div class=\"fusion-column-content-centered\"><div class=\"fusion-column-content\"><img decoding=\"async\" class=\"fusion-empty-dims-img-placeholder fusion-no-large-visibility\" src=\"data:image\/svg+xml,%3Csvg%20xmlns%3D%27http%3A%2F%2Fwww.w3.org%2F2000%2Fsvg%27%20width%3D%27800%27%20height%3D%27600%27%20viewBox%3D%270%200%20800%20600%27%3E%3Crect%20width%3D%27800%27%20height%3D%27600%27%20fill-opacity%3D%220%22%2F%3E%3C%2Fsvg%3E\"><\/div><\/div><div class=\"fusion-clearfix\"><\/div><\/div><\/div><div class=\"fusion-layout-column fusion_builder_column fusion-builder-column-3 fusion_builder_column_1_2 1_2 fusion-one-half fusion-column-last\" style=\"--awb-padding-top:90px;--awb-padding-right:15%;--awb-padding-bottom:90px;--awb-padding-left:15%;--awb-bg-color:#7bad02;--awb-bg-color-hover:#7bad02;--awb-bg-size:cover;--awb-margin-bottom:0px;\"><div class=\"fusion-column-wrapper fusion-column-has-shadow fusion-flex-column-wrapper-legacy\"><div class=\"fusion-column-content-centered\"><div class=\"fusion-column-content\"><div class=\"fusion-text fusion-text-4\"><h3><span style=\"color: #ffffff;\">Simple, amusant et motivant !<\/span><\/h3>\n<\/div><div class=\"fusion-text fusion-text-5\"><p><span style=\"color: #ffffff;\">Chaque participant d\u00e9finit son rythme et choisit son activit\u00e9 favorite, marche, course, v\u00e9lo, natation ou toute autre pratique sportive. Toutes les activit\u00e9s sont\u00a0converties en pas, garantissant un suivi \u00e9quitable. Que ce soit\u00a0en solo ou en \u00e9quipe, chacun peut suivre ses progr\u00e8s en temps r\u00e9el et consulter son classement. Les \u00e9quipes peuvent \u00e9galement se\u00a0challenger et s\u2019encourager mutuellement\u00a0pour atteindre de nouveaux objectifs et rester motiv\u00e9es.<\/span><\/p>\n<ul>\n<li><span style=\"color: #ffffff;\"><span style=\"color: #ffffff;\"><strong>Suivi des pas<\/strong>\u00a0: Comptez vos pas en solo ou en \u00e9quipe.<\/span><\/span><\/li>\n<li><span style=\"color: #ffffff;\"><strong>Conversion des activit\u00e9s<\/strong>: Toutes les pratiques sportives sont converties en pas pour un suivi inclusif.<\/span><\/li>\n<li><span style=\"color: #ffffff;\"><span style=\"color: #ffffff;\"><strong>Progr\u00e8s visibles<\/strong>\u00a0: Chaque participant suit ses performances, et des classements sont g\u00e9n\u00e9r\u00e9s.<\/span><\/span><\/li>\n<li><span style=\"color: #ffffff;\"><strong>Suivi des r\u00e9sultats<\/strong>\u00a0: Le challenge peut \u00eatre suivi en direct, encourageant ainsi la motivation collective.<\/span><\/li>\n<\/ul>\n<p><span style=\"color: #ffffff;\">C'est facile, engageant et parfait pour int\u00e9grer plus de mouvements dans la journ\u00e9e !<\/span><\/p>\n<\/div><\/div><\/div><div class=\"fusion-clearfix\"><\/div><\/div><\/div><\/div><\/div><div class=\"fusion-fullwidth fullwidth-box fusion-builder-row-3 hundred-percent-fullwidth non-hundred-percent-height-scrolling fusion-equal-height-columns\" style=\"--awb-background-position:left top;--awb-border-sizes-top:0px;--awb-border-sizes-bottom:0px;--awb-border-sizes-left:0px;--awb-border-sizes-right:0px;--awb-border-radius-top-left:0px;--awb-border-radius-top-right:0px;--awb-border-radius-bottom-right:0px;--awb-border-radius-bottom-left:0px;--awb-padding-top:0px;--awb-padding-right:0px;--awb-padding-bottom:0px;--awb-padding-left:0px;--awb-flex-wrap:wrap;\" ><div class=\"fusion-builder-row fusion-row\"><div class=\"fusion-layout-column fusion_builder_column fusion-builder-column-4 fusion_builder_column_1_2 1_2 fusion-one-half fusion-column-first\" style=\"--awb-padding-top:90px;--awb-padding-right:15%;--awb-padding-bottom:90px;--awb-padding-left:15%;--awb-bg-size:cover;--awb-margin-bottom:0px;\" data-scroll-devices=\"small-visibility,medium-visibility,large-visibility\"><div class=\"fusion-column-wrapper fusion-column-has-shadow fusion-flex-column-wrapper-legacy\"><div class=\"fusion-column-content-centered\"><div class=\"fusion-column-content\"><div class=\"fusion-text fusion-text-6\"><h3><span style=\"color: #000000;\">Pourquoi rejoindre l'Activity Challenge ?<\/span><\/h3>\n<\/div><div class=\"fusion-text fusion-text-7\"><p><span style=\"color: #000000;\">L\u2019Activity Challenge<span class=\"apple-converted-space\">\u00a0<\/span>va au-del\u00e0 d\u2019un simple suivi d\u2019activit\u00e9, il s\u2019agit d\u2019une v\u00e9ritable initiative pour<span class=\"apple-converted-space\">\u00a0<\/span>promouvoir le bien-\u00eatre au sein de vos \u00e9quipes :<\/span><\/p>\n<ul>\n<li><span style=\"color: #000000;\"><strong>Am\u00e9liorer la sant\u00e9 physique et mentale<\/strong>\u00a0de vos collaborateurs en les incitant \u00e0 \u00eatre plus actifs au quotidien.<\/span><\/li>\n<li><span style=\"color: #000000;\"><strong>Renforcer l\u2019esprit d\u2019\u00e9quipe<\/strong>\u00a0: Un d\u00e9fi commun qui rassemble et motive vos \u00e9quipes.<\/span><\/li>\n<li><span style=\"color: #000000;\"><strong>Encourager des comportements sains<\/strong>\u00a0: Adopter une routine active qui a un impact durable sur le bien-\u00eatre global.<\/span><\/li>\n<li><span style=\"color: #000000;\"><strong>Diversifier les activit\u00e9s :<\/strong> toutes les pratiques sportives comptent et sont converties en pas, pour que chacun puisse participer selon ses pr\u00e9f\u00e9rences.<\/span><\/li>\n<\/ul>\n<p><span style=\"color: #000000;\"><strong>Pr\u00eat \u00e0 relever le d\u00e9fi ?<\/strong><\/span><\/p>\n<p><span style=\"color: #000000;\"><a href=\"https:\/\/relaxinc.ch\/fr\/contact\/\"><strong><span style=\"color: #0000ff;\">Inscrivez votre entreprise<\/span><\/strong><\/a> d\u00e8s maintenant pour participer \u00e0 notre Activity Challenge et faites franchir de nouveaux d\u00e9fis physiques \u00e0 vos collaborateurs.<\/span><\/p>\n<\/div><\/div><\/div><div class=\"fusion-clearfix\"><\/div><\/div><\/div><div class=\"fusion-layout-column fusion_builder_column fusion-builder-column-5 fusion_builder_column_1_2 1_2 fusion-one-half fusion-column-last\" style=\"--awb-padding-top:90px;--awb-padding-right:15%;--awb-padding-bottom:90px;--awb-padding-left:15%;--awb-bg-image:url(&#039;https:\/\/relaxinc.ch\/wp-content\/uploads\/2025\/02\/720x780-2.png&#039;);--awb-bg-position:center center;--awb-bg-size:cover;--awb-margin-bottom:0px;\" data-scroll-devices=\"small-visibility,medium-visibility,large-visibility\"><div class=\"fusion-column-wrapper fusion-column-has-shadow fusion-flex-column-wrapper-legacy fusion-empty-column-bg-image fusion-column-has-bg-image\" data-bg-url=\"https:\/\/relaxinc.ch\/wp-content\/uploads\/2025\/02\/720x780-2.png\"><div class=\"fusion-column-content-centered\"><div class=\"fusion-column-content\"><img decoding=\"async\" class=\"fusion-empty-dims-img-placeholder fusion-no-large-visibility\" src=\"data:image\/svg+xml,%3Csvg%20xmlns%3D%27http%3A%2F%2Fwww.w3.org%2F2000%2Fsvg%27%20width%3D%27800%27%20height%3D%27600%27%20viewBox%3D%270%200%20800%20600%27%3E%3Crect%20width%3D%27800%27%20height%3D%27600%27%20fill-opacity%3D%220%22%2F%3E%3C%2Fsvg%3E\"><\/div><\/div><div class=\"fusion-clearfix\"><\/div><\/div><\/div><\/div><\/div><div class=\"fusion-fullwidth fullwidth-box fusion-builder-row-4 nonhundred-percent-fullwidth non-hundred-percent-height-scrolling\" style=\"--awb-border-radius-top-left:0px;--awb-border-radius-top-right:0px;--awb-border-radius-bottom-right:0px;--awb-border-radius-bottom-left:0px;--awb-background-color:#7bad02;--awb-flex-wrap:wrap;\" ><div class=\"fusion-builder-row fusion-row\"><div class=\"fusion-layout-column fusion_builder_column fusion-builder-column-6 fusion_builder_column_1_6 1_6 fusion-one-sixth fusion-column-first\" style=\"--awb-bg-size:cover;width:16.666666666667%;width:calc(16.666666666667% - ( ( 4% + 4% ) * 0.16666666666667 ) );margin-right: 4%;\"><div class=\"fusion-column-wrapper fusion-column-has-shadow fusion-flex-column-wrapper-legacy\"><div class=\"fusion-clearfix\"><\/div><\/div><\/div><div class=\"fusion-layout-column fusion_builder_column fusion-builder-column-7 fusion_builder_column_2_3 2_3 fusion-two-third\" style=\"--awb-bg-size:cover;width:66.666666666667%;width:calc(66.666666666667% - ( ( 4% + 4% ) * 0.66666666666667 ) );margin-right: 4%;\"><div class=\"fusion-column-wrapper fusion-column-has-shadow fusion-flex-column-wrapper-legacy\"><div class=\"fusion-text fusion-text-8\"><h3><span style=\"color: #ffffff;\">Contactez-nous pour une offre personnalis\u00e9e <\/span><\/h3>\n<\/div>\n<div class=\"wpcf7 no-js\" id=\"wpcf7-f1585-o1\" lang=\"en-US\" dir=\"ltr\" data-wpcf7-id=\"1585\">\n<div class=\"screen-reader-response\"><p role=\"status\" aria-live=\"polite\" aria-atomic=\"true\"><\/p> <ul><\/ul><\/div>\n<form action=\"\/fr\/wp-json\/wp\/v2\/pages\/4313#wpcf7-f1585-o1\" method=\"post\" class=\"wpcf7-form init\" aria-label=\"Contact form\" novalidate=\"novalidate\" data-status=\"init\">\n<div style=\"display: none;\">\n<input type=\"hidden\" name=\"_wpcf7\" value=\"1585\" \/>\n<input type=\"hidden\" name=\"_wpcf7_version\" value=\"6.0.1\" \/>\n<input type=\"hidden\" name=\"_wpcf7_locale\" value=\"en_US\" \/>\n<input type=\"hidden\" name=\"_wpcf7_unit_tag\" value=\"wpcf7-f1585-o1\" \/>\n<input type=\"hidden\" name=\"_wpcf7_container_post\" value=\"0\" \/>\n<input type=\"hidden\" name=\"_wpcf7_posted_data_hash\" value=\"\" \/>\n<\/div>\n<div class=\"one-half\">\n\t<p><label>Name(*)<br \/>\n<span class=\"wpcf7-form-control-wrap\" data-name=\"your-name\"><input size=\"40\" maxlength=\"400\" class=\"wpcf7-form-control wpcf7-text wpcf7-validates-as-required\" aria-required=\"true\" aria-invalid=\"false\" value=\"\" type=\"text\" name=\"your-name\" \/><\/span> <\/label>\n\t<\/p>\n<\/div>\n<div class=\"one-half last\">\n\t<p><label>Phone<br \/>\n<span class=\"wpcf7-form-control-wrap\" data-name=\"Phone\"><input size=\"40\" maxlength=\"400\" class=\"wpcf7-form-control wpcf7-tel wpcf7-text wpcf7-validates-as-tel\" aria-invalid=\"false\" value=\"\" type=\"tel\" name=\"Phone\" \/><\/span> <\/label>\n\t<\/p>\n<\/div>\n<div class=\"one-half\">\n\t<p><label>Email(*)<br \/>\n<span class=\"wpcf7-form-control-wrap\" data-name=\"your-email\"><input size=\"40\" maxlength=\"400\" class=\"wpcf7-form-control wpcf7-email wpcf7-validates-as-required wpcf7-text wpcf7-validates-as-email\" aria-required=\"true\" aria-invalid=\"false\" value=\"\" type=\"email\" name=\"your-email\" \/><\/span> <\/label>\n\t<\/p>\n<\/div>\n<div class=\"one-half last\">\n\t<p><label>Company<br \/>\n<span class=\"wpcf7-form-control-wrap\" data-name=\"your-subject\"><input size=\"40\" maxlength=\"400\" class=\"wpcf7-form-control wpcf7-text\" aria-invalid=\"false\" value=\"\" type=\"text\" name=\"your-subject\" \/><\/span> <\/label>\n\t<\/p>\n<\/div>\n<div class=\"one-full\">\n\t<p><label>Message<br \/>\n<span class=\"wpcf7-form-control-wrap\" data-name=\"your-message\"><textarea cols=\"40\" rows=\"10\" maxlength=\"2000\" class=\"wpcf7-form-control wpcf7-textarea\" aria-invalid=\"false\" name=\"your-message\"><\/textarea><\/span> <\/label>\n\t<\/p>\n<\/div>\n<p><div class=\"cf7-cf-turnstile\" style=\"margin-top: 0px; margin-bottom: -15px;\"> <div id=\"cf-turnstile-cf7-3996496873\" class=\"cf-turnstile\" data-sitekey=\"0x4AAAAAAAwk295lIoqj1dHw\" data-theme=\"light\" data-language=\"auto\" data-size=\"\" data-retry=\"auto\" data-retry-interval=\"1000\" data-action=\"contact-form-7\" data-appearance=\"interaction-only\"><\/div> <script>document.addEventListener(\"DOMContentLoaded\",(function(){var e=document.getElementById(\"cf-turnstile-cf7-3996496873\");e&&!e.innerHTML.trim()&&(turnstile.remove(\"#cf-turnstile-cf7-3996496873\"),turnstile.render(\"#cf-turnstile-cf7-3996496873\",{sitekey:\"0x4AAAAAAAwk295lIoqj1dHw\"}))}));<\/script> <style>#cf-turnstile-cf7-3996496873 iframe { margin-bottom: 15px; }<\/style> <style>#cf-turnstile-cf7-3996496873 { margin-left: -15px; }<\/style> <script>document.addEventListener(\"DOMContentLoaded\",function(){document.querySelectorAll('.wpcf7-form').forEach(function(e){e.addEventListener('submit',function(){if(document.getElementById('cf-turnstile-cf7-3996496873')){setTimeout(function(){turnstile.reset('#cf-turnstile-cf7-3996496873');},1000)}})})});<\/script> <\/div><br\/><input class=\"wpcf7-form-control wpcf7-submit has-spinner\" type=\"submit\" value=\"Send\" \/>\n<\/p><div class=\"fusion-alert alert custom alert-custom fusion-alert-center wpcf7-response-output awb-alert-native-link-color alert-dismissable awb-alert-close-boxed\" style=\"--awb-border-size:1px;--awb-border-top-left-radius:0px;--awb-border-top-right-radius:0px;--awb-border-bottom-left-radius:0px;--awb-border-bottom-right-radius:0px;\" role=\"alert\"><div class=\"fusion-alert-content-wrapper\"><span class=\"fusion-alert-content\"><\/span><\/div><button type=\"button\" class=\"close toggle-alert\" data-dismiss=\"alert\" aria-label=\"Close\">&times;<\/button><\/div>\n<\/form>\n<\/div>\n<div class=\"fusion-clearfix\"><\/div><\/div><\/div><div class=\"fusion-layout-column fusion_builder_column fusion-builder-column-8 fusion_builder_column_1_6 1_6 fusion-one-sixth fusion-column-last\" style=\"--awb-bg-size:cover;width:16.666666666667%;width:calc(16.666666666667% - ( ( 4% + 4% ) * 0.16666666666667 ) );\"><div class=\"fusion-column-wrapper fusion-column-has-shadow fusion-flex-column-wrapper-legacy\"><div class=\"fusion-clearfix\"><\/div><\/div><\/div><\/div><\/div><\/p>\n","protected":false},"excerpt":{"rendered":"","protected":false},"author":3,"featured_media":0,"parent":0,"menu_order":0,"comment_status":"closed","ping_status":"closed","template":"100-width.php","meta":{"_uf_show_specific_survey":0,"_uf_disable_surveys":false,"footnotes":""},"class_list":["post-4313","page","type-page","status-publish","hentry"],"aioseo_notices":[],"_links":{"self":[{"href":"https:\/\/relaxinc.ch\/fr\/wp-json\/wp\/v2\/pages\/4313","targetHints":{"allow":["GET"]}}],"collection":[{"href":"https:\/\/relaxinc.ch\/fr\/wp-json\/wp\/v2\/pages"}],"about":[{"href":"https:\/\/relaxinc.ch\/fr\/wp-json\/wp\/v2\/types\/page"}],"author":[{"embeddable":true,"href":"https:\/\/relaxinc.ch\/fr\/wp-json\/wp\/v2\/users\/3"}],"replies":[{"embeddable":true,"href":"https:\/\/relaxinc.ch\/fr\/wp-json\/wp\/v2\/comments?post=4313"}],"version-history":[{"count":9,"href":"https:\/\/relaxinc.ch\/fr\/wp-json\/wp\/v2\/pages\/4313\/revisions"}],"predecessor-version":[{"id":4710,"href":"https:\/\/relaxinc.ch\/fr\/wp-json\/wp\/v2\/pages\/4313\/revisions\/4710"}],"wp:attachment":[{"href":"https:\/\/relaxinc.ch\/fr\/wp-json\/wp\/v2\/media?parent=4313"}],"curies":[{"name":"wp","href":"https:\/\/api.w.org\/{rel}","templated":true}]}}